{"id":1014,"date":"2015-09-16T07:43:47","date_gmt":"2015-09-16T07:43:47","guid":{"rendered":"http:\/\/www.praxis-nicola-theiss.de\/meerbeck\/?page_id=1014"},"modified":"2022-11-28T14:43:02","modified_gmt":"2022-11-28T14:43:02","slug":"fussreflexzonenmassage","status":"publish","type":"page","link":"https:\/\/www.praxis-nicola-theiss.de\/meerbeck\/fussreflexzonenmassage\/","title":{"rendered":"Fu\u00dfreflexzonentherapie"},"content":{"rendered":"<p><a href=\"http:\/\/www.praxis-nicola-theiss.de\/meerbeck\/wp-content\/uploads\/2015\/09\/Fu\u00dfreflex-Ton.jpg\" rel=\"attachment wp-att-1076\"><img loading=\"lazy\" decoding=\"async\" class=\"alignnone size-full wp-image-1076\" src=\"http:\/\/www.praxis-nicola-theiss.de\/meerbeck\/wp-content\/uploads\/2015\/09\/Fu\u00dfreflex-Ton.jpg\" alt=\"Fu\u00dfreflex-Ton\" width=\"650\" height=\"241\" srcset=\"https:\/\/www.praxis-nicola-theiss.de\/meerbeck\/wp-content\/uploads\/2015\/09\/Fu\u00dfreflex-Ton.jpg 650w, https:\/\/www.praxis-nicola-theiss.de\/meerbeck\/wp-content\/uploads\/2015\/09\/Fu\u00dfreflex-Ton-300x111.jpg 300w, https:\/\/www.praxis-nicola-theiss.de\/meerbeck\/wp-content\/uploads\/2015\/09\/Fu\u00dfreflex-Ton-570x211.jpg 570w\" sizes=\"auto, (max-width: 650px) 100vw, 650px\" \/><\/a><\/p>\n<p>Bei der Fu\u00dfreflexzonentherapie wird\u00a0Druck auf ganz gezielte Bereiche des Fu\u00dfes ausge\u00fcbt. Durch den Druck werden Akupressur-Punkte\u00a0angesprochen. Laut der Heilslehre aus China\u00a0korrespondieren diese Zonen an den Fu\u00dfsohlen mit den unterschiedlichsten Organen und K\u00f6rperteilen. Durch die gezielte Stimulation dieser Zonen kann\u00a0die Gesundheit des K\u00f6rpers nachhaltig gef\u00f6rdert oder wieder hergestellt werden.<\/p>\n<h5 class=\"p1\"><\/h5>\n<p><strong>\u201eReflexzonentherapie heilt, was gest\u00f6rt ist, sie heilt nicht das, was zerst\u00f6rt ist\u201c<br \/>\n<\/strong>Prof. Dr. Dr. med. Horst Ferdinand Herget (1929-2001)<\/p>\n<p><a href=\"http:\/\/www.praxis-nicola-theiss.de\/meerbeck\/wp-content\/uploads\/2013\/09\/Bildschirmfoto-2013-09-03-um-10.43.20.png\"><img loading=\"lazy\" decoding=\"async\" class=\"alignnone size-full wp-image-615\" src=\"http:\/\/www.praxis-nicola-theiss.de\/meerbeck\/wp-content\/uploads\/2013\/09\/Bildschirmfoto-2013-09-03-um-10.43.20.png\" alt=\"Fu\u00dfreflexzonentherapie\" width=\"280\" height=\"423\" srcset=\"https:\/\/www.praxis-nicola-theiss.de\/meerbeck\/wp-content\/uploads\/2013\/09\/Bildschirmfoto-2013-09-03-um-10.43.20.png 280w, https:\/\/www.praxis-nicola-theiss.de\/meerbeck\/wp-content\/uploads\/2013\/09\/Bildschirmfoto-2013-09-03-um-10.43.20-199x300.png 199w\" sizes=\"auto, (max-width: 280px) 100vw, 280px\" \/><\/a><\/p>\n<div class=\"shariff shariff-align-flex-start shariff-widget-align-flex-start\"><ul class=\"shariff-buttons theme-round orientation-horizontal buttonsize-medium\"><li class=\"shariff-button facebook shariff-nocustomcolor\" style=\"background-color:#4273c8\"><a href=\"https:\/\/www.facebook.com\/sharer\/sharer.php?u=https%3A%2F%2Fwww.praxis-nicola-theiss.de%2Fmeerbeck%2Ffussreflexzonenmassage%2F\" title=\"Bei Facebook teilen\" aria-label=\"Bei Facebook teilen\" role=\"button\" rel=\"nofollow\" class=\"shariff-link\" style=\"; background-color:#3b5998; color:#fff\" target=\"_blank\"><span class=\"shariff-icon\" style=\"\"><svg width=\"32px\" height=\"20px\" xmlns=\"http:\/\/www.w3.org\/2000\/svg\" viewBox=\"0 0 18 32\"><path fill=\"#3b5998\" d=\"M17.1 0.2v4.7h-2.8q-1.5 0-2.1 0.6t-0.5 1.9v3.4h5.2l-0.7 5.3h-4.5v13.6h-5.5v-13.6h-4.5v-5.3h4.5v-3.9q0-3.3 1.9-5.2t5-1.8q2.6 0 4.1 0.2z\"\/><\/svg><\/span><\/a><\/li><li class=\"shariff-button whatsapp shariff-nocustomcolor\" style=\"background-color:#5cbe4a\"><a href=\"https:\/\/api.whatsapp.com\/send?text=https%3A%2F%2Fwww.praxis-nicola-theiss.de%2Fmeerbeck%2Ffussreflexzonenmassage%2F%20Fu%C3%9Freflexzonentherapie\" title=\"Bei Whatsapp teilen\" aria-label=\"Bei Whatsapp teilen\" role=\"button\" rel=\"noopener nofollow\" class=\"shariff-link\" style=\"; background-color:#34af23; color:#fff\" target=\"_blank\"><span class=\"shariff-icon\" style=\"\"><svg width=\"32px\" height=\"20px\" xmlns=\"http:\/\/www.w3.org\/2000\/svg\" viewBox=\"0 0 32 32\"><path fill=\"#34af23\" d=\"M17.6 17.4q0.2 0 1.7 0.8t1.6 0.9q0 0.1 0 0.3 0 0.6-0.3 1.4-0.3 0.7-1.3 1.2t-1.8 0.5q-1 0-3.4-1.1-1.7-0.8-3-2.1t-2.6-3.3q-1.3-1.9-1.3-3.5v-0.1q0.1-1.6 1.3-2.8 0.4-0.4 0.9-0.4 0.1 0 0.3 0t0.3 0q0.3 0 0.5 0.1t0.3 0.5q0.1 0.4 0.6 1.6t0.4 1.3q0 0.4-0.6 1t-0.6 0.8q0 0.1 0.1 0.3 0.6 1.3 1.8 2.4 1 0.9 2.7 1.8 0.2 0.1 0.4 0.1 0.3 0 1-0.9t0.9-0.9zM14 26.9q2.3 0 4.3-0.9t3.6-2.4 2.4-3.6 0.9-4.3-0.9-4.3-2.4-3.6-3.6-2.4-4.3-0.9-4.3 0.9-3.6 2.4-2.4 3.6-0.9 4.3q0 3.6 2.1 6.6l-1.4 4.2 4.3-1.4q2.8 1.9 6.2 1.9zM14 2.2q2.7 0 5.2 1.1t4.3 2.9 2.9 4.3 1.1 5.2-1.1 5.2-2.9 4.3-4.3 2.9-5.2 1.1q-3.5 0-6.5-1.7l-7.4 2.4 2.4-7.2q-1.9-3.2-1.9-6.9 0-2.7 1.1-5.2t2.9-4.3 4.3-2.9 5.2-1.1z\"\/><\/svg><\/span><\/a><\/li><li class=\"shariff-button mailto shariff-nocustomcolor\" style=\"background-color:#a8a8a8\"><a href=\"mailto:?body=https%3A%2F%2Fwww.praxis-nicola-theiss.de%2Fmeerbeck%2Ffussreflexzonenmassage%2F&subject=Fu%C3%9Freflexzonentherapie\" title=\"Per E-Mail versenden\" aria-label=\"Per E-Mail versenden\" role=\"button\" rel=\"noopener nofollow\" class=\"shariff-link\" style=\"; background-color:#999; color:#fff\"><span class=\"shariff-icon\" style=\"\"><svg width=\"32px\" height=\"20px\" xmlns=\"http:\/\/www.w3.org\/2000\/svg\" viewBox=\"0 0 32 32\"><path fill=\"#999\" d=\"M32 12.7v14.2q0 1.2-0.8 2t-2 0.9h-26.3q-1.2 0-2-0.9t-0.8-2v-14.2q0.8 0.9 1.8 1.6 6.5 4.4 8.9 6.1 1 0.8 1.6 1.2t1.7 0.9 2 0.4h0.1q0.9 0 2-0.4t1.7-0.9 1.6-1.2q3-2.2 8.9-6.1 1-0.7 1.8-1.6zM32 7.4q0 1.4-0.9 2.7t-2.2 2.2q-6.7 4.7-8.4 5.8-0.2 0.1-0.7 0.5t-1 0.7-0.9 0.6-1.1 0.5-0.9 0.2h-0.1q-0.4 0-0.9-0.2t-1.1-0.5-0.9-0.6-1-0.7-0.7-0.5q-1.6-1.1-4.7-3.2t-3.6-2.6q-1.1-0.7-2.1-2t-1-2.5q0-1.4 0.7-2.3t2.1-0.9h26.3q1.2 0 2 0.8t0.9 2z\"\/><\/svg><\/span><\/a><\/li><\/ul><\/div>","protected":false},"excerpt":{"rendered":"<p>Bei der Fu\u00dfreflexzonentherapie wird\u00a0Druck auf ganz gezielte Bereiche des Fu\u00dfes ausge\u00fcbt. Durch den Druck werden Akupressur-Punkte\u00a0angesprochen. Laut der Heilslehre aus China\u00a0korrespondieren diese Zonen an den Fu\u00dfsohlen mit den unterschiedlichsten Organen und K\u00f6rperteilen. Durch die gezielte Stimulation dieser Zonen kann\u00a0die Gesundheit des K\u00f6rpers nachhaltig gef\u00f6rdert oder wieder hergestellt werden. \u201eReflexzonentherapie heilt, was gest\u00f6rt ist, sie heilt [&hellip;]<\/p>\n<div class=\"shariff shariff-align-flex-start shariff-widget-align-flex-start\"><ul class=\"shariff-buttons theme-round orientation-horizontal buttonsize-medium\"><li class=\"shariff-button facebook shariff-nocustomcolor\" style=\"background-color:#4273c8\"><a href=\"https:\/\/www.facebook.com\/sharer\/sharer.php?u=https%3A%2F%2Fwww.praxis-nicola-theiss.de%2Fmeerbeck%2Ffussreflexzonenmassage%2F\" title=\"Bei Facebook teilen\" aria-label=\"Bei Facebook teilen\" role=\"button\" rel=\"nofollow\" class=\"shariff-link\" style=\"; background-color:#3b5998; color:#fff\" target=\"_blank\"><span class=\"shariff-icon\" style=\"\"><svg width=\"32px\" height=\"20px\" xmlns=\"http:\/\/www.w3.org\/2000\/svg\" viewBox=\"0 0 18 32\"><path fill=\"#3b5998\" d=\"M17.1 0.2v4.7h-2.8q-1.5 0-2.1 0.6t-0.5 1.9v3.4h5.2l-0.7 5.3h-4.5v13.6h-5.5v-13.6h-4.5v-5.3h4.5v-3.9q0-3.3 1.9-5.2t5-1.8q2.6 0 4.1 0.2z\"\/><\/svg><\/span><\/a><\/li><li class=\"shariff-button whatsapp shariff-nocustomcolor\" style=\"background-color:#5cbe4a\"><a href=\"https:\/\/api.whatsapp.com\/send?text=https%3A%2F%2Fwww.praxis-nicola-theiss.de%2Fmeerbeck%2Ffussreflexzonenmassage%2F%20Fu%C3%9Freflexzonentherapie\" title=\"Bei Whatsapp teilen\" aria-label=\"Bei Whatsapp teilen\" role=\"button\" rel=\"noopener nofollow\" class=\"shariff-link\" style=\"; background-color:#34af23; color:#fff\" target=\"_blank\"><span class=\"shariff-icon\" style=\"\"><svg width=\"32px\" height=\"20px\" xmlns=\"http:\/\/www.w3.org\/2000\/svg\" viewBox=\"0 0 32 32\"><path fill=\"#34af23\" d=\"M17.6 17.4q0.2 0 1.7 0.8t1.6 0.9q0 0.1 0 0.3 0 0.6-0.3 1.4-0.3 0.7-1.3 1.2t-1.8 0.5q-1 0-3.4-1.1-1.7-0.8-3-2.1t-2.6-3.3q-1.3-1.9-1.3-3.5v-0.1q0.1-1.6 1.3-2.8 0.4-0.4 0.9-0.4 0.1 0 0.3 0t0.3 0q0.3 0 0.5 0.1t0.3 0.5q0.1 0.4 0.6 1.6t0.4 1.3q0 0.4-0.6 1t-0.6 0.8q0 0.1 0.1 0.3 0.6 1.3 1.8 2.4 1 0.9 2.7 1.8 0.2 0.1 0.4 0.1 0.3 0 1-0.9t0.9-0.9zM14 26.9q2.3 0 4.3-0.9t3.6-2.4 2.4-3.6 0.9-4.3-0.9-4.3-2.4-3.6-3.6-2.4-4.3-0.9-4.3 0.9-3.6 2.4-2.4 3.6-0.9 4.3q0 3.6 2.1 6.6l-1.4 4.2 4.3-1.4q2.8 1.9 6.2 1.9zM14 2.2q2.7 0 5.2 1.1t4.3 2.9 2.9 4.3 1.1 5.2-1.1 5.2-2.9 4.3-4.3 2.9-5.2 1.1q-3.5 0-6.5-1.7l-7.4 2.4 2.4-7.2q-1.9-3.2-1.9-6.9 0-2.7 1.1-5.2t2.9-4.3 4.3-2.9 5.2-1.1z\"\/><\/svg><\/span><\/a><\/li><li class=\"shariff-button mailto shariff-nocustomcolor\" style=\"background-color:#a8a8a8\"><a href=\"mailto:?body=https%3A%2F%2Fwww.praxis-nicola-theiss.de%2Fmeerbeck%2Ffussreflexzonenmassage%2F&subject=Fu%C3%9Freflexzonentherapie\" title=\"Per E-Mail versenden\" aria-label=\"Per E-Mail versenden\" role=\"button\" rel=\"noopener nofollow\" class=\"shariff-link\" style=\"; background-color:#999; color:#fff\"><span class=\"shariff-icon\" style=\"\"><svg width=\"32px\" height=\"20px\" xmlns=\"http:\/\/www.w3.org\/2000\/svg\" viewBox=\"0 0 32 32\"><path fill=\"#999\" d=\"M32 12.7v14.2q0 1.2-0.8 2t-2 0.9h-26.3q-1.2 0-2-0.9t-0.8-2v-14.2q0.8 0.9 1.8 1.6 6.5 4.4 8.9 6.1 1 0.8 1.6 1.2t1.7 0.9 2 0.4h0.1q0.9 0 2-0.4t1.7-0.9 1.6-1.2q3-2.2 8.9-6.1 1-0.7 1.8-1.6zM32 7.4q0 1.4-0.9 2.7t-2.2 2.2q-6.7 4.7-8.4 5.8-0.2 0.1-0.7 0.5t-1 0.7-0.9 0.6-1.1 0.5-0.9 0.2h-0.1q-0.4 0-0.9-0.2t-1.1-0.5-0.9-0.6-1-0.7-0.7-0.5q-1.6-1.1-4.7-3.2t-3.6-2.6q-1.1-0.7-2.1-2t-1-2.5q0-1.4 0.7-2.3t2.1-0.9h26.3q1.2 0 2 0.8t0.9 2z\"\/><\/svg><\/span><\/a><\/li><\/ul><\/div>","protected":false},"author":3,"featured_media":615,"parent":0,"menu_order":0,"comment_status":"closed","ping_status":"closed","template":"","meta":{"footnotes":""},"class_list":["post-1014","page","type-page","status-publish","has-post-thumbnail","czr-hentry"],"yoast_head":"<!-- This site is optimized with the Yoast SEO plugin v26.6 - https:\/\/yoast.com\/wordpress\/plugins\/seo\/ -->\n<title>Fu\u00dfreflexzonentherapie | Praxis Nicola Thei\u00df - Physiotherapie, Kurse, Wellness<\/title>\n<meta name=\"description\" content=\"Fu\u00dfreflexzonentherapie in unserem Wellnessangebot in der Praxis Nicola Thei\u00df, Meerbeck, Stadthagen * im wei\u00dfen Haus Meerbeck\" \/>\n<meta name=\"robots\" content=\"index, follow, max-snippet:-1, max-image-preview:large, max-video-preview:-1\" \/>\n<link rel=\"canonical\" href=\"https:\/\/www.praxis-nicola-theiss.de\/meerbeck\/fussreflexzonenmassage\/\" \/>\n<meta property=\"og:locale\" content=\"de_DE\" \/>\n<meta property=\"og:type\" content=\"article\" \/>\n<meta property=\"og:title\" content=\"Fu\u00dfreflexzonentherapie | Praxis Nicola Thei\u00df - Physiotherapie, Kurse, Wellness\" \/>\n<meta property=\"og:description\" content=\"Fu\u00dfreflexzonentherapie in unserem Wellnessangebot in der Praxis Nicola Thei\u00df, Meerbeck, Stadthagen * im wei\u00dfen Haus Meerbeck\" \/>\n<meta property=\"og:url\" content=\"https:\/\/www.praxis-nicola-theiss.de\/meerbeck\/fussreflexzonenmassage\/\" \/>\n<meta property=\"og:site_name\" content=\"Praxis Nicola Thei\u00df - Physiotherapie, Kurse, Wellness\" \/>\n<meta property=\"article:modified_time\" content=\"2022-11-28T14:43:02+00:00\" \/>\n<meta property=\"og:image\" content=\"https:\/\/www.praxis-nicola-theiss.de\/meerbeck\/wp-content\/uploads\/2013\/09\/Bildschirmfoto-2013-09-03-um-10.43.20.png\" \/>\n\t<meta property=\"og:image:width\" content=\"280\" \/>\n\t<meta property=\"og:image:height\" content=\"423\" \/>\n\t<meta property=\"og:image:type\" content=\"image\/png\" \/>\n<meta name=\"twitter:card\" content=\"summary_large_image\" \/>\n<meta name=\"twitter:label1\" content=\"Gesch\u00e4tzte Lesezeit\" \/>\n\t<meta name=\"twitter:data1\" content=\"1\u00a0Minute\" \/>\n<script type=\"application\/ld+json\" class=\"yoast-schema-graph\">{\"@context\":\"https:\/\/schema.org\",\"@graph\":[{\"@type\":\"WebPage\",\"@id\":\"https:\/\/www.praxis-nicola-theiss.de\/meerbeck\/fussreflexzonenmassage\/\",\"url\":\"https:\/\/www.praxis-nicola-theiss.de\/meerbeck\/fussreflexzonenmassage\/\",\"name\":\"Fu\u00dfreflexzonentherapie | Praxis Nicola Thei\u00df - Physiotherapie, Kurse, Wellness\",\"isPartOf\":{\"@id\":\"https:\/\/www.praxis-nicola-theiss.de\/meerbeck\/#website\"},\"primaryImageOfPage\":{\"@id\":\"https:\/\/www.praxis-nicola-theiss.de\/meerbeck\/fussreflexzonenmassage\/#primaryimage\"},\"image\":{\"@id\":\"https:\/\/www.praxis-nicola-theiss.de\/meerbeck\/fussreflexzonenmassage\/#primaryimage\"},\"thumbnailUrl\":\"https:\/\/www.praxis-nicola-theiss.de\/meerbeck\/wp-content\/uploads\/2013\/09\/Bildschirmfoto-2013-09-03-um-10.43.20.png\",\"datePublished\":\"2015-09-16T07:43:47+00:00\",\"dateModified\":\"2022-11-28T14:43:02+00:00\",\"description\":\"Fu\u00dfreflexzonentherapie in unserem Wellnessangebot in der Praxis Nicola Thei\u00df, Meerbeck, Stadthagen * im wei\u00dfen Haus Meerbeck\",\"breadcrumb\":{\"@id\":\"https:\/\/www.praxis-nicola-theiss.de\/meerbeck\/fussreflexzonenmassage\/#breadcrumb\"},\"inLanguage\":\"de\",\"potentialAction\":[{\"@type\":\"ReadAction\",\"target\":[\"https:\/\/www.praxis-nicola-theiss.de\/meerbeck\/fussreflexzonenmassage\/\"]}]},{\"@type\":\"ImageObject\",\"inLanguage\":\"de\",\"@id\":\"https:\/\/www.praxis-nicola-theiss.de\/meerbeck\/fussreflexzonenmassage\/#primaryimage\",\"url\":\"https:\/\/www.praxis-nicola-theiss.de\/meerbeck\/wp-content\/uploads\/2013\/09\/Bildschirmfoto-2013-09-03-um-10.43.20.png\",\"contentUrl\":\"https:\/\/www.praxis-nicola-theiss.de\/meerbeck\/wp-content\/uploads\/2013\/09\/Bildschirmfoto-2013-09-03-um-10.43.20.png\",\"width\":280,\"height\":423},{\"@type\":\"BreadcrumbList\",\"@id\":\"https:\/\/www.praxis-nicola-theiss.de\/meerbeck\/fussreflexzonenmassage\/#breadcrumb\",\"itemListElement\":[{\"@type\":\"ListItem\",\"position\":1,\"name\":\"Startseite\",\"item\":\"https:\/\/www.praxis-nicola-theiss.de\/meerbeck\/\"},{\"@type\":\"ListItem\",\"position\":2,\"name\":\"Fu\u00dfreflexzonentherapie\"}]},{\"@type\":\"WebSite\",\"@id\":\"https:\/\/www.praxis-nicola-theiss.de\/meerbeck\/#website\",\"url\":\"https:\/\/www.praxis-nicola-theiss.de\/meerbeck\/\",\"name\":\"Praxis Nicola Thei\u00df - Physiotherapie, Kurse, Wellness\",\"description\":\"Physiotherapie in Meerbeck, Stadthagen\",\"publisher\":{\"@id\":\"https:\/\/www.praxis-nicola-theiss.de\/meerbeck\/#organization\"},\"potentialAction\":[{\"@type\":\"SearchAction\",\"target\":{\"@type\":\"EntryPoint\",\"urlTemplate\":\"https:\/\/www.praxis-nicola-theiss.de\/meerbeck\/?s={search_term_string}\"},\"query-input\":{\"@type\":\"PropertyValueSpecification\",\"valueRequired\":true,\"valueName\":\"search_term_string\"}}],\"inLanguage\":\"de\"},{\"@type\":\"Organization\",\"@id\":\"https:\/\/www.praxis-nicola-theiss.de\/meerbeck\/#organization\",\"name\":\"Praxis Nicola Thei\u00df\",\"url\":\"https:\/\/www.praxis-nicola-theiss.de\/meerbeck\/\",\"logo\":{\"@type\":\"ImageObject\",\"inLanguage\":\"de\",\"@id\":\"https:\/\/www.praxis-nicola-theiss.de\/meerbeck\/#\/schema\/logo\/image\/\",\"url\":\"https:\/\/www.praxis-nicola-theiss.de\/meerbeck\/wp-content\/uploads\/2015\/03\/logo21.png\",\"contentUrl\":\"https:\/\/www.praxis-nicola-theiss.de\/meerbeck\/wp-content\/uploads\/2015\/03\/logo21.png\",\"width\":324,\"height\":206,\"caption\":\"Praxis Nicola Thei\u00df\"},\"image\":{\"@id\":\"https:\/\/www.praxis-nicola-theiss.de\/meerbeck\/#\/schema\/logo\/image\/\"}}]}<\/script>\n<!-- \/ Yoast SEO plugin. -->","yoast_head_json":{"title":"Fu\u00dfreflexzonentherapie | Praxis Nicola Thei\u00df - Physiotherapie, Kurse, Wellness","description":"Fu\u00dfreflexzonentherapie in unserem Wellnessangebot in der Praxis Nicola Thei\u00df, Meerbeck, Stadthagen * im wei\u00dfen Haus Meerbeck","robots":{"index":"index","follow":"follow","max-snippet":"max-snippet:-1","max-image-preview":"max-image-preview:large","max-video-preview":"max-video-preview:-1"},"canonical":"https:\/\/www.praxis-nicola-theiss.de\/meerbeck\/fussreflexzonenmassage\/","og_locale":"de_DE","og_type":"article","og_title":"Fu\u00dfreflexzonentherapie | Praxis Nicola Thei\u00df - Physiotherapie, Kurse, Wellness","og_description":"Fu\u00dfreflexzonentherapie in unserem Wellnessangebot in der Praxis Nicola Thei\u00df, Meerbeck, Stadthagen * im wei\u00dfen Haus Meerbeck","og_url":"https:\/\/www.praxis-nicola-theiss.de\/meerbeck\/fussreflexzonenmassage\/","og_site_name":"Praxis Nicola Thei\u00df - Physiotherapie, Kurse, Wellness","article_modified_time":"2022-11-28T14:43:02+00:00","og_image":[{"width":280,"height":423,"url":"https:\/\/www.praxis-nicola-theiss.de\/meerbeck\/wp-content\/uploads\/2013\/09\/Bildschirmfoto-2013-09-03-um-10.43.20.png","type":"image\/png"}],"twitter_card":"summary_large_image","twitter_misc":{"Gesch\u00e4tzte Lesezeit":"1\u00a0Minute"},"schema":{"@context":"https:\/\/schema.org","@graph":[{"@type":"WebPage","@id":"https:\/\/www.praxis-nicola-theiss.de\/meerbeck\/fussreflexzonenmassage\/","url":"https:\/\/www.praxis-nicola-theiss.de\/meerbeck\/fussreflexzonenmassage\/","name":"Fu\u00dfreflexzonentherapie | Praxis Nicola Thei\u00df - Physiotherapie, Kurse, Wellness","isPartOf":{"@id":"https:\/\/www.praxis-nicola-theiss.de\/meerbeck\/#website"},"primaryImageOfPage":{"@id":"https:\/\/www.praxis-nicola-theiss.de\/meerbeck\/fussreflexzonenmassage\/#primaryimage"},"image":{"@id":"https:\/\/www.praxis-nicola-theiss.de\/meerbeck\/fussreflexzonenmassage\/#primaryimage"},"thumbnailUrl":"https:\/\/www.praxis-nicola-theiss.de\/meerbeck\/wp-content\/uploads\/2013\/09\/Bildschirmfoto-2013-09-03-um-10.43.20.png","datePublished":"2015-09-16T07:43:47+00:00","dateModified":"2022-11-28T14:43:02+00:00","description":"Fu\u00dfreflexzonentherapie in unserem Wellnessangebot in der Praxis Nicola Thei\u00df, Meerbeck, Stadthagen * im wei\u00dfen Haus Meerbeck","breadcrumb":{"@id":"https:\/\/www.praxis-nicola-theiss.de\/meerbeck\/fussreflexzonenmassage\/#breadcrumb"},"inLanguage":"de","potentialAction":[{"@type":"ReadAction","target":["https:\/\/www.praxis-nicola-theiss.de\/meerbeck\/fussreflexzonenmassage\/"]}]},{"@type":"ImageObject","inLanguage":"de","@id":"https:\/\/www.praxis-nicola-theiss.de\/meerbeck\/fussreflexzonenmassage\/#primaryimage","url":"https:\/\/www.praxis-nicola-theiss.de\/meerbeck\/wp-content\/uploads\/2013\/09\/Bildschirmfoto-2013-09-03-um-10.43.20.png","contentUrl":"https:\/\/www.praxis-nicola-theiss.de\/meerbeck\/wp-content\/uploads\/2013\/09\/Bildschirmfoto-2013-09-03-um-10.43.20.png","width":280,"height":423},{"@type":"BreadcrumbList","@id":"https:\/\/www.praxis-nicola-theiss.de\/meerbeck\/fussreflexzonenmassage\/#breadcrumb","itemListElement":[{"@type":"ListItem","position":1,"name":"Startseite","item":"https:\/\/www.praxis-nicola-theiss.de\/meerbeck\/"},{"@type":"ListItem","position":2,"name":"Fu\u00dfreflexzonentherapie"}]},{"@type":"WebSite","@id":"https:\/\/www.praxis-nicola-theiss.de\/meerbeck\/#website","url":"https:\/\/www.praxis-nicola-theiss.de\/meerbeck\/","name":"Praxis Nicola Thei\u00df - Physiotherapie, Kurse, Wellness","description":"Physiotherapie in Meerbeck, Stadthagen","publisher":{"@id":"https:\/\/www.praxis-nicola-theiss.de\/meerbeck\/#organization"},"potentialAction":[{"@type":"SearchAction","target":{"@type":"EntryPoint","urlTemplate":"https:\/\/www.praxis-nicola-theiss.de\/meerbeck\/?s={search_term_string}"},"query-input":{"@type":"PropertyValueSpecification","valueRequired":true,"valueName":"search_term_string"}}],"inLanguage":"de"},{"@type":"Organization","@id":"https:\/\/www.praxis-nicola-theiss.de\/meerbeck\/#organization","name":"Praxis Nicola Thei\u00df","url":"https:\/\/www.praxis-nicola-theiss.de\/meerbeck\/","logo":{"@type":"ImageObject","inLanguage":"de","@id":"https:\/\/www.praxis-nicola-theiss.de\/meerbeck\/#\/schema\/logo\/image\/","url":"https:\/\/www.praxis-nicola-theiss.de\/meerbeck\/wp-content\/uploads\/2015\/03\/logo21.png","contentUrl":"https:\/\/www.praxis-nicola-theiss.de\/meerbeck\/wp-content\/uploads\/2015\/03\/logo21.png","width":324,"height":206,"caption":"Praxis Nicola Thei\u00df"},"image":{"@id":"https:\/\/www.praxis-nicola-theiss.de\/meerbeck\/#\/schema\/logo\/image\/"}}]}},"_links":{"self":[{"href":"https:\/\/www.praxis-nicola-theiss.de\/meerbeck\/wp-json\/wp\/v2\/pages\/1014","targetHints":{"allow":["GET"]}}],"collection":[{"href":"https:\/\/www.praxis-nicola-theiss.de\/meerbeck\/wp-json\/wp\/v2\/pages"}],"about":[{"href":"https:\/\/www.praxis-nicola-theiss.de\/meerbeck\/wp-json\/wp\/v2\/types\/page"}],"author":[{"embeddable":true,"href":"https:\/\/www.praxis-nicola-theiss.de\/meerbeck\/wp-json\/wp\/v2\/users\/3"}],"replies":[{"embeddable":true,"href":"https:\/\/www.praxis-nicola-theiss.de\/meerbeck\/wp-json\/wp\/v2\/comments?post=1014"}],"version-history":[{"count":1,"href":"https:\/\/www.praxis-nicola-theiss.de\/meerbeck\/wp-json\/wp\/v2\/pages\/1014\/revisions"}],"predecessor-version":[{"id":2169,"href":"https:\/\/www.praxis-nicola-theiss.de\/meerbeck\/wp-json\/wp\/v2\/pages\/1014\/revisions\/2169"}],"wp:featuredmedia":[{"embeddable":true,"href":"https:\/\/www.praxis-nicola-theiss.de\/meerbeck\/wp-json\/wp\/v2\/media\/615"}],"wp:attachment":[{"href":"https:\/\/www.praxis-nicola-theiss.de\/meerbeck\/wp-json\/wp\/v2\/media?parent=1014"}],"curies":[{"name":"wp","href":"https:\/\/api.w.org\/{rel}","templated":true}]}}