{"id":168,"date":"2012-06-06T13:11:04","date_gmt":"2012-06-06T13:11:04","guid":{"rendered":"http:\/\/www.praxis-nicola-theiss.de\/meerbeck\/?page_id=168"},"modified":"2025-04-28T13:30:43","modified_gmt":"2025-04-28T13:30:43","slug":"kurse","status":"publish","type":"page","link":"https:\/\/www.praxis-nicola-theiss.de\/meerbeck\/kurse\/","title":{"rendered":"Kursplan"},"content":{"rendered":"\n<figure class=\"wp-block-image size-large\"><a href=\"https:\/\/www.praxis-nicola-theiss.de\/meerbeck\/wp-content\/uploads\/2025\/04\/TheissKursplan-A5-Zettel-2025.jpg\"><img loading=\"lazy\" decoding=\"async\" width=\"1024\" height=\"724\" src=\"https:\/\/www.praxis-nicola-theiss.de\/meerbeck\/wp-content\/uploads\/2025\/04\/TheissKursplan-A5-Zettel-2025-1024x724.jpg\" alt=\"\" class=\"wp-image-2371\" srcset=\"https:\/\/www.praxis-nicola-theiss.de\/meerbeck\/wp-content\/uploads\/2025\/04\/TheissKursplan-A5-Zettel-2025-1024x724.jpg 1024w, https:\/\/www.praxis-nicola-theiss.de\/meerbeck\/wp-content\/uploads\/2025\/04\/TheissKursplan-A5-Zettel-2025-300x212.jpg 300w, https:\/\/www.praxis-nicola-theiss.de\/meerbeck\/wp-content\/uploads\/2025\/04\/TheissKursplan-A5-Zettel-2025-768x543.jpg 768w, https:\/\/www.praxis-nicola-theiss.de\/meerbeck\/wp-content\/uploads\/2025\/04\/TheissKursplan-A5-Zettel-2025-570x403.jpg 570w, https:\/\/www.praxis-nicola-theiss.de\/meerbeck\/wp-content\/uploads\/2025\/04\/TheissKursplan-A5-Zettel-2025.jpg 1200w\" sizes=\"auto, (max-width: 1024px) 100vw, 1024px\" \/><\/a><figcaption class=\"wp-element-caption\">Kursplan Praxis Thei\u00df Meerbeck<\/figcaption><\/figure>\n\n\n\n<p><span style=\"color: #ff0000;\"><strong>Cardio-Workout<\/strong><\/span> ist ein gezieltes Kraft und Ausdauertraining, welches die Problemzonen strafft und festigt und zus\u00e4tzlich die Fettverbrennung ankurbelt. Hier werden abwechslungsreich verschiedene Fitnesskonzepte kombiniert. <strong><br><\/strong><\/p>\n\n\n\n<p><span style=\"color: #ff0000;\"><strong>Langhanteltraining-R\u00fccken<\/strong><\/span><br>Das etwas andere R\u00fcckentraining mit leichten Gewichten und zus\u00e4tzlicher Mobilisation f\u00fcr die Wirbels\u00e4ule. Eine Mischung aus Wirbels\u00e4ulengymnastik und Heavy-Metal. Ein&nbsp;effektive Ganzk\u00f6rpertraining mit der Langhantel verbessert Kraft und Ausdauer, f\u00f6rdert eine gesunde K\u00f6rperhaltung, definiert die Muskulatur und kurbelt die Fettverbrennung an \u2013 das alles in einer Stunde \u2013 und noch eine Menge Spa\u00df dazu.<\/p>\n\n\n\n<p><span style=\"color: #ff0000;\"><strong>Seniorengymnastik \/ Fit im Alter<\/strong><\/span><br>Sanftes Herz-\/Kreislauftraining und Mobilisation des Bewegungsapparats.<\/p>\n\n\n\n<p><span style=\"color: #ff0000;\"><strong>R\u00fcckentraining<\/strong><\/span> \u2013 unser beliebtester Therapiekurs schafft den optimalen  Ausgleich zur Vermeidung von R\u00fcckenschmerzen und Verspannungen durch die Kombination effektiver Kr\u00e4ftigungs- und Dehn\u00fcbungen und dem Erlernen einer bewu\u00dften und gesunden K\u00f6rperhaltung \u2013 und das ganze mit viel Spa\u00df:<\/p>\n\n\n\n<p><span style=\"color: #ff0000;\"><strong>Indoor-Cycling<\/strong><\/span> (neue Schwinn-Bikes) Das erfolgreichste Kurskonzept der letzten Jahre zur Steigerung von Ausdauer und Fettverbrennung hat sich auch bei uns schnell etabliert. Ideal auch f\u00fcr Teams und Vereine, Extratermine nach R\u00fccksprache (auch Klickbindung vorhanden)<\/p>\n\n\n\n<p><\/p>\n\n\n\n<hr class=\"wp-block-separator has-css-opacity\"\/>\n\n\n\n<h2 class=\"wp-block-heading\"><strong>Kursgeb\u00fchren:<\/strong><\/h2>\n\n\n\n<p>10 Kurseinheiten \u20ac 99,\u2013<br><\/p>\n\n\n\n<p>2 x 10 Kurseinheiten \u20ac 175,\u2013<br>(gilt bei Buchung von 2 Kursen pro Woche)<br><\/p>\n\n\n\n<p>YOGA: 8 x 75 min: EUR 100,- (als Pr\u00e4ventionskurs zertifiziert)<\/p>\n\n\n\n<p>Die Kosten dieser Gesundheitskurse werden eventuell von Ihrer Krankenkasse bezuschusst.<br>Bitte sprechen Sie Ihre Krankenkasse darauf an!<\/p>\n\n\n\n<p>(Ihre Anmeldung ist verpflichtend. Die Kursgeb\u00fchr ist zu entrichten,<br>wenn der Kurs nicht sp\u00e4testens 14 Tage vor Beginn abgesagt wird.)<\/p>\n\n\n\n<h2 class=\"wp-block-heading\" id=\"die-kurse-werden-teilweise-von-den-krankenkassen-als-praventions-und-funktionstraining-unterstutzt-bitte-melden-sie-sich-verbindlich-an\"><strong>Die Kurse werden teilweise von den Krankenkassen&nbsp; als Pr\u00e4ventions-  und Funktionstraining unterst\u00fctzt. Bitte melden Sie sich verbindlich an.<\/strong><\/h2>\n\n\n\n<hr class=\"wp-block-separator has-css-opacity\"\/>\n\n\n\n<div style=\"height:245px\" aria-hidden=\"true\" class=\"wp-block-spacer\"><\/div>\n\n\n\n<p><strong>Im Moment nicht im Programm!<br><\/strong><\/p>\n\n\n\n<p><span style=\"color: #ff0000;\"><strong>Beckenboden-\/ Bauchtraining <\/strong><\/span><br>Die gezielten \u00dcbungen zur St\u00e4rkung der tiefliegenden Beckenboden- und Bauchmuskulatur beugen vor und helfen bei organischen Problemen wie z. B. Inkontinenz, Geb\u00e4rmuttersenkung, Prostatabeschwerden, f\u00f6rdern die R\u00fcckbildung nach Schwangerschaft und stabilisieren das Becken und die Lendenwirbels\u00e4ule zur Linderung von R\u00fcckenbeschwerden.<\/p>\n\n\n\n<p><span style=\"color: #ff0000;\"><strong>Indoor- Cycling Einsteiger:<\/strong><\/span><span style=\"color: #ff9900;\"><strong>&nbsp;<\/strong><\/span><br>Wer auch im Winter nicht aufs Radfahren verzichten m\u00f6chte, kann in diesem Kurs mit Motivation und Musik seine Ausdauer verbessern. Der Einstieg zum Indoor-Cycling f\u00fcr Jedermann!<strong><br><\/strong><\/p>\n\n\n\n<p><strong><span style=\"color: #ff0000;\">Nordic Walking<br><\/span><\/strong><span style=\"color: #000000;\">ist das ideale Herz-\/Kreislauftraining f\u00fcr alle, die Spa\u00df an der Bewegung in der freien Natur haben. Ein sanftes und effektives Ganzk\u00f6rpertraining, wobei der Bewegungsapparat entlastet wird und es daher besonders geeignet ist f\u00fcr Personen mit R\u00fccken und Gelenkproblemen.<\/span><\/p>\n\n\n\n<p><strong><span style=\"color: #ff0000;\">Fatburner:<\/span><\/strong><br>Der ideale Kurs, um seinen Fettstoffwechsel anzukurbeln und sich nach motivierender Musik von einfachen aber effektiven Bewegungen mitrei\u00dfen zu lassen.<strong><br><\/strong><\/p>\n\n\n\n<p><strong><span style=\"color: #ff0000;\">Kinderr\u00fcckenschule<\/span> <\/strong><br>Es klingt nach Arbeit, macht aber gemeinsam viel Spa\u00df und hilft mit neuen und funktionellen Bewegungen, die Wirbels\u00e4ule zu stabilisieren und Haltungssch\u00e4den vorzubeugen.<strong><br><\/strong><\/p>\n\n\n\n<p><span style=\"color: #ff0000;\"><strong>Yoga f\u00fcr den R\u00fccken, die Schultern und den Nacken<\/strong><\/span><br>In der heutigen Zeit sind uns allen Verspannungen im Bereich der Schulter und des Nackens nicht unbekannt. Auch der R\u00fccken mit seinen vielen Muskeln, Wirbelk\u00f6rpern und Bandscheiben ist in unserem heutigen Leben viel gefordert. Dieses Programm beinhaltet Dehnungs- und Kr\u00e4ftigungs\u00fcbungen speziell auf die Schultern, den R\u00fccken und die Muskultur des Nackens und Halses ausgerichtet, sowie entsprechende Entspannungs\u00fcbungen.<\/p>\n\n\n\n<p><strong><span style=\"color: #ff0000;\">Dynamic Yoga<\/span><\/strong><br>Die \u00dcbungsabfolgen dieser Yogarichtung werden dynamisch ge\u00fcbt und erzielen dadurch eine Kr\u00e4ftigung der Muskulatur und trainieren das Herz-Kreislauf-System. Durch das Verweilen in den jeweiligen Haltungen wird zus\u00e4tzlich eine angenehme Dehnung herbeigef\u00fchrt. Die Stunde endet yogatypisch mit einer Entspannung.<\/p>\n\n\n\n<p>\u201e<span style=\"color: #ff0000;\"><strong>Z\u201c-Latino-Dance:<\/strong><\/span><br>Eine Mischung aus Aerobic und lateinamerikanischen Tanzelementen. Mit viel Spa\u00df, Power und Rhythmus wird die Fettverbrennung angekurbelt und die Ausdauer gesteigert.<\/p>\n\n\n\n<p>&#8212;&#8212;&#8212;&#8212;&#8212;&#8212;&#8212;&#8212;&#8212;&#8212;&#8212;&#8212;&#8212;&#8212;&#8212;&#8212;&#8212;&#8212;&#8212;&#8212;&#8212;&#8212;&#8212;&#8212;&#8212;&#8212;&#8212;&#8212;&#8212;&#8212;&#8212;&#8212;&#8212;&#8212;<\/p>\n<div class=\"shariff shariff-align-flex-start shariff-widget-align-flex-start\"><ul class=\"shariff-buttons theme-round orientation-horizontal buttonsize-medium\"><li class=\"shariff-button facebook shariff-nocustomcolor\" style=\"background-color:#4273c8\"><a href=\"https:\/\/www.facebook.com\/sharer\/sharer.php?u=https%3A%2F%2Fwww.praxis-nicola-theiss.de%2Fmeerbeck%2Fkurse%2F\" title=\"Bei Facebook teilen\" aria-label=\"Bei Facebook teilen\" role=\"button\" rel=\"nofollow\" class=\"shariff-link\" style=\"; background-color:#3b5998; color:#fff\" target=\"_blank\"><span class=\"shariff-icon\" style=\"\"><svg width=\"32px\" height=\"20px\" xmlns=\"http:\/\/www.w3.org\/2000\/svg\" viewBox=\"0 0 18 32\"><path fill=\"#3b5998\" d=\"M17.1 0.2v4.7h-2.8q-1.5 0-2.1 0.6t-0.5 1.9v3.4h5.2l-0.7 5.3h-4.5v13.6h-5.5v-13.6h-4.5v-5.3h4.5v-3.9q0-3.3 1.9-5.2t5-1.8q2.6 0 4.1 0.2z\"\/><\/svg><\/span><\/a><\/li><li class=\"shariff-button whatsapp shariff-nocustomcolor\" style=\"background-color:#5cbe4a\"><a href=\"https:\/\/api.whatsapp.com\/send?text=https%3A%2F%2Fwww.praxis-nicola-theiss.de%2Fmeerbeck%2Fkurse%2F%20Kursplan\" title=\"Bei Whatsapp teilen\" aria-label=\"Bei Whatsapp teilen\" role=\"button\" rel=\"noopener nofollow\" class=\"shariff-link\" style=\"; background-color:#34af23; color:#fff\" target=\"_blank\"><span class=\"shariff-icon\" style=\"\"><svg width=\"32px\" height=\"20px\" xmlns=\"http:\/\/www.w3.org\/2000\/svg\" viewBox=\"0 0 32 32\"><path fill=\"#34af23\" d=\"M17.6 17.4q0.2 0 1.7 0.8t1.6 0.9q0 0.1 0 0.3 0 0.6-0.3 1.4-0.3 0.7-1.3 1.2t-1.8 0.5q-1 0-3.4-1.1-1.7-0.8-3-2.1t-2.6-3.3q-1.3-1.9-1.3-3.5v-0.1q0.1-1.6 1.3-2.8 0.4-0.4 0.9-0.4 0.1 0 0.3 0t0.3 0q0.3 0 0.5 0.1t0.3 0.5q0.1 0.4 0.6 1.6t0.4 1.3q0 0.4-0.6 1t-0.6 0.8q0 0.1 0.1 0.3 0.6 1.3 1.8 2.4 1 0.9 2.7 1.8 0.2 0.1 0.4 0.1 0.3 0 1-0.9t0.9-0.9zM14 26.9q2.3 0 4.3-0.9t3.6-2.4 2.4-3.6 0.9-4.3-0.9-4.3-2.4-3.6-3.6-2.4-4.3-0.9-4.3 0.9-3.6 2.4-2.4 3.6-0.9 4.3q0 3.6 2.1 6.6l-1.4 4.2 4.3-1.4q2.8 1.9 6.2 1.9zM14 2.2q2.7 0 5.2 1.1t4.3 2.9 2.9 4.3 1.1 5.2-1.1 5.2-2.9 4.3-4.3 2.9-5.2 1.1q-3.5 0-6.5-1.7l-7.4 2.4 2.4-7.2q-1.9-3.2-1.9-6.9 0-2.7 1.1-5.2t2.9-4.3 4.3-2.9 5.2-1.1z\"\/><\/svg><\/span><\/a><\/li><li class=\"shariff-button mailto shariff-nocustomcolor\" style=\"background-color:#a8a8a8\"><a href=\"mailto:?body=https%3A%2F%2Fwww.praxis-nicola-theiss.de%2Fmeerbeck%2Fkurse%2F&subject=Kursplan\" title=\"Per E-Mail versenden\" aria-label=\"Per E-Mail versenden\" role=\"button\" rel=\"noopener nofollow\" class=\"shariff-link\" style=\"; background-color:#999; color:#fff\"><span class=\"shariff-icon\" style=\"\"><svg width=\"32px\" height=\"20px\" xmlns=\"http:\/\/www.w3.org\/2000\/svg\" viewBox=\"0 0 32 32\"><path fill=\"#999\" d=\"M32 12.7v14.2q0 1.2-0.8 2t-2 0.9h-26.3q-1.2 0-2-0.9t-0.8-2v-14.2q0.8 0.9 1.8 1.6 6.5 4.4 8.9 6.1 1 0.8 1.6 1.2t1.7 0.9 2 0.4h0.1q0.9 0 2-0.4t1.7-0.9 1.6-1.2q3-2.2 8.9-6.1 1-0.7 1.8-1.6zM32 7.4q0 1.4-0.9 2.7t-2.2 2.2q-6.7 4.7-8.4 5.8-0.2 0.1-0.7 0.5t-1 0.7-0.9 0.6-1.1 0.5-0.9 0.2h-0.1q-0.4 0-0.9-0.2t-1.1-0.5-0.9-0.6-1-0.7-0.7-0.5q-1.6-1.1-4.7-3.2t-3.6-2.6q-1.1-0.7-2.1-2t-1-2.5q0-1.4 0.7-2.3t2.1-0.9h26.3q1.2 0 2 0.8t0.9 2z\"\/><\/svg><\/span><\/a><\/li><\/ul><\/div>","protected":false},"excerpt":{"rendered":"<p>Cardio-Workout ist ein gezieltes Kraft und Ausdauertraining, welches die Problemzonen strafft und festigt und zus\u00e4tzlich die Fettverbrennung ankurbelt. Hier werden abwechslungsreich verschiedene Fitnesskonzepte kombiniert. Langhanteltraining-R\u00fcckenDas etwas andere R\u00fcckentraining mit leichten Gewichten und zus\u00e4tzlicher Mobilisation f\u00fcr die Wirbels\u00e4ule. Eine Mischung aus Wirbels\u00e4ulengymnastik und Heavy-Metal. Ein&nbsp;effektive Ganzk\u00f6rpertraining mit der Langhantel verbessert Kraft und Ausdauer, f\u00f6rdert eine gesunde [&hellip;]<\/p>\n<div class=\"shariff shariff-align-flex-start shariff-widget-align-flex-start\"><ul class=\"shariff-buttons theme-round orientation-horizontal buttonsize-medium\"><li class=\"shariff-button facebook shariff-nocustomcolor\" style=\"background-color:#4273c8\"><a href=\"https:\/\/www.facebook.com\/sharer\/sharer.php?u=https%3A%2F%2Fwww.praxis-nicola-theiss.de%2Fmeerbeck%2Fkurse%2F\" title=\"Bei Facebook teilen\" aria-label=\"Bei Facebook teilen\" role=\"button\" rel=\"nofollow\" class=\"shariff-link\" style=\"; background-color:#3b5998; color:#fff\" target=\"_blank\"><span class=\"shariff-icon\" style=\"\"><svg width=\"32px\" height=\"20px\" xmlns=\"http:\/\/www.w3.org\/2000\/svg\" viewBox=\"0 0 18 32\"><path fill=\"#3b5998\" d=\"M17.1 0.2v4.7h-2.8q-1.5 0-2.1 0.6t-0.5 1.9v3.4h5.2l-0.7 5.3h-4.5v13.6h-5.5v-13.6h-4.5v-5.3h4.5v-3.9q0-3.3 1.9-5.2t5-1.8q2.6 0 4.1 0.2z\"\/><\/svg><\/span><\/a><\/li><li class=\"shariff-button whatsapp shariff-nocustomcolor\" style=\"background-color:#5cbe4a\"><a href=\"https:\/\/api.whatsapp.com\/send?text=https%3A%2F%2Fwww.praxis-nicola-theiss.de%2Fmeerbeck%2Fkurse%2F%20Kursplan\" title=\"Bei Whatsapp teilen\" aria-label=\"Bei Whatsapp teilen\" role=\"button\" rel=\"noopener nofollow\" class=\"shariff-link\" style=\"; background-color:#34af23; color:#fff\" target=\"_blank\"><span class=\"shariff-icon\" style=\"\"><svg width=\"32px\" height=\"20px\" xmlns=\"http:\/\/www.w3.org\/2000\/svg\" viewBox=\"0 0 32 32\"><path fill=\"#34af23\" d=\"M17.6 17.4q0.2 0 1.7 0.8t1.6 0.9q0 0.1 0 0.3 0 0.6-0.3 1.4-0.3 0.7-1.3 1.2t-1.8 0.5q-1 0-3.4-1.1-1.7-0.8-3-2.1t-2.6-3.3q-1.3-1.9-1.3-3.5v-0.1q0.1-1.6 1.3-2.8 0.4-0.4 0.9-0.4 0.1 0 0.3 0t0.3 0q0.3 0 0.5 0.1t0.3 0.5q0.1 0.4 0.6 1.6t0.4 1.3q0 0.4-0.6 1t-0.6 0.8q0 0.1 0.1 0.3 0.6 1.3 1.8 2.4 1 0.9 2.7 1.8 0.2 0.1 0.4 0.1 0.3 0 1-0.9t0.9-0.9zM14 26.9q2.3 0 4.3-0.9t3.6-2.4 2.4-3.6 0.9-4.3-0.9-4.3-2.4-3.6-3.6-2.4-4.3-0.9-4.3 0.9-3.6 2.4-2.4 3.6-0.9 4.3q0 3.6 2.1 6.6l-1.4 4.2 4.3-1.4q2.8 1.9 6.2 1.9zM14 2.2q2.7 0 5.2 1.1t4.3 2.9 2.9 4.3 1.1 5.2-1.1 5.2-2.9 4.3-4.3 2.9-5.2 1.1q-3.5 0-6.5-1.7l-7.4 2.4 2.4-7.2q-1.9-3.2-1.9-6.9 0-2.7 1.1-5.2t2.9-4.3 4.3-2.9 5.2-1.1z\"\/><\/svg><\/span><\/a><\/li><li class=\"shariff-button mailto shariff-nocustomcolor\" style=\"background-color:#a8a8a8\"><a href=\"mailto:?body=https%3A%2F%2Fwww.praxis-nicola-theiss.de%2Fmeerbeck%2Fkurse%2F&subject=Kursplan\" title=\"Per E-Mail versenden\" aria-label=\"Per E-Mail versenden\" role=\"button\" rel=\"noopener nofollow\" class=\"shariff-link\" style=\"; background-color:#999; color:#fff\"><span class=\"shariff-icon\" style=\"\"><svg width=\"32px\" height=\"20px\" xmlns=\"http:\/\/www.w3.org\/2000\/svg\" viewBox=\"0 0 32 32\"><path fill=\"#999\" d=\"M32 12.7v14.2q0 1.2-0.8 2t-2 0.9h-26.3q-1.2 0-2-0.9t-0.8-2v-14.2q0.8 0.9 1.8 1.6 6.5 4.4 8.9 6.1 1 0.8 1.6 1.2t1.7 0.9 2 0.4h0.1q0.9 0 2-0.4t1.7-0.9 1.6-1.2q3-2.2 8.9-6.1 1-0.7 1.8-1.6zM32 7.4q0 1.4-0.9 2.7t-2.2 2.2q-6.7 4.7-8.4 5.8-0.2 0.1-0.7 0.5t-1 0.7-0.9 0.6-1.1 0.5-0.9 0.2h-0.1q-0.4 0-0.9-0.2t-1.1-0.5-0.9-0.6-1-0.7-0.7-0.5q-1.6-1.1-4.7-3.2t-3.6-2.6q-1.1-0.7-2.1-2t-1-2.5q0-1.4 0.7-2.3t2.1-0.9h26.3q1.2 0 2 0.8t0.9 2z\"\/><\/svg><\/span><\/a><\/li><\/ul><\/div>","protected":false},"author":3,"featured_media":1435,"parent":0,"menu_order":0,"comment_status":"closed","ping_status":"closed","template":"","meta":{"footnotes":""},"class_list":["post-168","page","type-page","status-publish","has-post-thumbnail","czr-hentry"],"yoast_head":"<!-- This site is optimized with the Yoast SEO plugin v26.6 - https:\/\/yoast.com\/wordpress\/plugins\/seo\/ -->\n<title>Kursplan Praxis Nicola Theiss - Gesundheitskurse, R\u00fccken, Cardio<\/title>\n<meta name=\"description\" content=\"Kursplan Praxis Nicola Theiss, Physiotherapie Meerbeck, Stadthagen - R\u00fcckentraining, Seniorengymnastik , Funktionstraining, Pilates\" \/>\n<meta name=\"robots\" content=\"index, follow, max-snippet:-1, max-image-preview:large, max-video-preview:-1\" \/>\n<link rel=\"canonical\" href=\"https:\/\/www.praxis-nicola-theiss.de\/meerbeck\/kurse\/\" \/>\n<meta property=\"og:locale\" content=\"de_DE\" \/>\n<meta property=\"og:type\" content=\"article\" \/>\n<meta property=\"og:title\" content=\"Kursplan Praxis Nicola Theiss - Gesundheitskurse, R\u00fccken, Cardio\" \/>\n<meta property=\"og:description\" content=\"Kursplan Praxis Nicola Theiss, Physiotherapie Meerbeck, Stadthagen - R\u00fcckentraining, Seniorengymnastik , Funktionstraining, Pilates\" \/>\n<meta property=\"og:url\" content=\"https:\/\/www.praxis-nicola-theiss.de\/meerbeck\/kurse\/\" \/>\n<meta property=\"og:site_name\" content=\"Praxis Nicola Thei\u00df - Physiotherapie, Kurse, Wellness\" \/>\n<meta property=\"article:modified_time\" content=\"2025-04-28T13:30:43+00:00\" \/>\n<meta property=\"og:image\" content=\"https:\/\/www.praxis-nicola-theiss.de\/meerbeck\/wp-content\/uploads\/2017\/12\/Flowtonic.jpg\" \/>\n\t<meta property=\"og:image:width\" content=\"1233\" \/>\n\t<meta property=\"og:image:height\" content=\"821\" \/>\n\t<meta property=\"og:image:type\" content=\"image\/jpeg\" \/>\n<meta name=\"twitter:card\" content=\"summary_large_image\" \/>\n<meta name=\"twitter:label1\" content=\"Gesch\u00e4tzte Lesezeit\" \/>\n\t<meta name=\"twitter:data1\" content=\"4\u00a0Minuten\" \/>\n<script type=\"application\/ld+json\" class=\"yoast-schema-graph\">{\"@context\":\"https:\/\/schema.org\",\"@graph\":[{\"@type\":\"WebPage\",\"@id\":\"https:\/\/www.praxis-nicola-theiss.de\/meerbeck\/kurse\/\",\"url\":\"https:\/\/www.praxis-nicola-theiss.de\/meerbeck\/kurse\/\",\"name\":\"Kursplan Praxis Nicola Theiss - Gesundheitskurse, R\u00fccken, Cardio\",\"isPartOf\":{\"@id\":\"https:\/\/www.praxis-nicola-theiss.de\/meerbeck\/#website\"},\"primaryImageOfPage\":{\"@id\":\"https:\/\/www.praxis-nicola-theiss.de\/meerbeck\/kurse\/#primaryimage\"},\"image\":{\"@id\":\"https:\/\/www.praxis-nicola-theiss.de\/meerbeck\/kurse\/#primaryimage\"},\"thumbnailUrl\":\"https:\/\/www.praxis-nicola-theiss.de\/meerbeck\/wp-content\/uploads\/2017\/12\/Flowtonic.jpg\",\"datePublished\":\"2012-06-06T13:11:04+00:00\",\"dateModified\":\"2025-04-28T13:30:43+00:00\",\"description\":\"Kursplan Praxis Nicola Theiss, Physiotherapie Meerbeck, Stadthagen - R\u00fcckentraining, Seniorengymnastik , Funktionstraining, Pilates\",\"breadcrumb\":{\"@id\":\"https:\/\/www.praxis-nicola-theiss.de\/meerbeck\/kurse\/#breadcrumb\"},\"inLanguage\":\"de\",\"potentialAction\":[{\"@type\":\"ReadAction\",\"target\":[\"https:\/\/www.praxis-nicola-theiss.de\/meerbeck\/kurse\/\"]}]},{\"@type\":\"ImageObject\",\"inLanguage\":\"de\",\"@id\":\"https:\/\/www.praxis-nicola-theiss.de\/meerbeck\/kurse\/#primaryimage\",\"url\":\"https:\/\/www.praxis-nicola-theiss.de\/meerbeck\/wp-content\/uploads\/2017\/12\/Flowtonic.jpg\",\"contentUrl\":\"https:\/\/www.praxis-nicola-theiss.de\/meerbeck\/wp-content\/uploads\/2017\/12\/Flowtonic.jpg\",\"width\":1233,\"height\":821},{\"@type\":\"BreadcrumbList\",\"@id\":\"https:\/\/www.praxis-nicola-theiss.de\/meerbeck\/kurse\/#breadcrumb\",\"itemListElement\":[{\"@type\":\"ListItem\",\"position\":1,\"name\":\"Startseite\",\"item\":\"https:\/\/www.praxis-nicola-theiss.de\/meerbeck\/\"},{\"@type\":\"ListItem\",\"position\":2,\"name\":\"Kursplan\"}]},{\"@type\":\"WebSite\",\"@id\":\"https:\/\/www.praxis-nicola-theiss.de\/meerbeck\/#website\",\"url\":\"https:\/\/www.praxis-nicola-theiss.de\/meerbeck\/\",\"name\":\"Praxis Nicola Thei\u00df - Physiotherapie, Kurse, Wellness\",\"description\":\"Physiotherapie in Meerbeck, Stadthagen\",\"publisher\":{\"@id\":\"https:\/\/www.praxis-nicola-theiss.de\/meerbeck\/#organization\"},\"potentialAction\":[{\"@type\":\"SearchAction\",\"target\":{\"@type\":\"EntryPoint\",\"urlTemplate\":\"https:\/\/www.praxis-nicola-theiss.de\/meerbeck\/?s={search_term_string}\"},\"query-input\":{\"@type\":\"PropertyValueSpecification\",\"valueRequired\":true,\"valueName\":\"search_term_string\"}}],\"inLanguage\":\"de\"},{\"@type\":\"Organization\",\"@id\":\"https:\/\/www.praxis-nicola-theiss.de\/meerbeck\/#organization\",\"name\":\"Praxis Nicola Thei\u00df\",\"url\":\"https:\/\/www.praxis-nicola-theiss.de\/meerbeck\/\",\"logo\":{\"@type\":\"ImageObject\",\"inLanguage\":\"de\",\"@id\":\"https:\/\/www.praxis-nicola-theiss.de\/meerbeck\/#\/schema\/logo\/image\/\",\"url\":\"https:\/\/www.praxis-nicola-theiss.de\/meerbeck\/wp-content\/uploads\/2015\/03\/logo21.png\",\"contentUrl\":\"https:\/\/www.praxis-nicola-theiss.de\/meerbeck\/wp-content\/uploads\/2015\/03\/logo21.png\",\"width\":324,\"height\":206,\"caption\":\"Praxis Nicola Thei\u00df\"},\"image\":{\"@id\":\"https:\/\/www.praxis-nicola-theiss.de\/meerbeck\/#\/schema\/logo\/image\/\"}}]}<\/script>\n<!-- \/ Yoast SEO plugin. -->","yoast_head_json":{"title":"Kursplan Praxis Nicola Theiss - Gesundheitskurse, R\u00fccken, Cardio","description":"Kursplan Praxis Nicola Theiss, Physiotherapie Meerbeck, Stadthagen - R\u00fcckentraining, Seniorengymnastik , Funktionstraining, Pilates","robots":{"index":"index","follow":"follow","max-snippet":"max-snippet:-1","max-image-preview":"max-image-preview:large","max-video-preview":"max-video-preview:-1"},"canonical":"https:\/\/www.praxis-nicola-theiss.de\/meerbeck\/kurse\/","og_locale":"de_DE","og_type":"article","og_title":"Kursplan Praxis Nicola Theiss - Gesundheitskurse, R\u00fccken, Cardio","og_description":"Kursplan Praxis Nicola Theiss, Physiotherapie Meerbeck, Stadthagen - R\u00fcckentraining, Seniorengymnastik , Funktionstraining, Pilates","og_url":"https:\/\/www.praxis-nicola-theiss.de\/meerbeck\/kurse\/","og_site_name":"Praxis Nicola Thei\u00df - Physiotherapie, Kurse, Wellness","article_modified_time":"2025-04-28T13:30:43+00:00","og_image":[{"width":1233,"height":821,"url":"https:\/\/www.praxis-nicola-theiss.de\/meerbeck\/wp-content\/uploads\/2017\/12\/Flowtonic.jpg","type":"image\/jpeg"}],"twitter_card":"summary_large_image","twitter_misc":{"Gesch\u00e4tzte Lesezeit":"4\u00a0Minuten"},"schema":{"@context":"https:\/\/schema.org","@graph":[{"@type":"WebPage","@id":"https:\/\/www.praxis-nicola-theiss.de\/meerbeck\/kurse\/","url":"https:\/\/www.praxis-nicola-theiss.de\/meerbeck\/kurse\/","name":"Kursplan Praxis Nicola Theiss - Gesundheitskurse, R\u00fccken, Cardio","isPartOf":{"@id":"https:\/\/www.praxis-nicola-theiss.de\/meerbeck\/#website"},"primaryImageOfPage":{"@id":"https:\/\/www.praxis-nicola-theiss.de\/meerbeck\/kurse\/#primaryimage"},"image":{"@id":"https:\/\/www.praxis-nicola-theiss.de\/meerbeck\/kurse\/#primaryimage"},"thumbnailUrl":"https:\/\/www.praxis-nicola-theiss.de\/meerbeck\/wp-content\/uploads\/2017\/12\/Flowtonic.jpg","datePublished":"2012-06-06T13:11:04+00:00","dateModified":"2025-04-28T13:30:43+00:00","description":"Kursplan Praxis Nicola Theiss, Physiotherapie Meerbeck, Stadthagen - R\u00fcckentraining, Seniorengymnastik , Funktionstraining, Pilates","breadcrumb":{"@id":"https:\/\/www.praxis-nicola-theiss.de\/meerbeck\/kurse\/#breadcrumb"},"inLanguage":"de","potentialAction":[{"@type":"ReadAction","target":["https:\/\/www.praxis-nicola-theiss.de\/meerbeck\/kurse\/"]}]},{"@type":"ImageObject","inLanguage":"de","@id":"https:\/\/www.praxis-nicola-theiss.de\/meerbeck\/kurse\/#primaryimage","url":"https:\/\/www.praxis-nicola-theiss.de\/meerbeck\/wp-content\/uploads\/2017\/12\/Flowtonic.jpg","contentUrl":"https:\/\/www.praxis-nicola-theiss.de\/meerbeck\/wp-content\/uploads\/2017\/12\/Flowtonic.jpg","width":1233,"height":821},{"@type":"BreadcrumbList","@id":"https:\/\/www.praxis-nicola-theiss.de\/meerbeck\/kurse\/#breadcrumb","itemListElement":[{"@type":"ListItem","position":1,"name":"Startseite","item":"https:\/\/www.praxis-nicola-theiss.de\/meerbeck\/"},{"@type":"ListItem","position":2,"name":"Kursplan"}]},{"@type":"WebSite","@id":"https:\/\/www.praxis-nicola-theiss.de\/meerbeck\/#website","url":"https:\/\/www.praxis-nicola-theiss.de\/meerbeck\/","name":"Praxis Nicola Thei\u00df - Physiotherapie, Kurse, Wellness","description":"Physiotherapie in Meerbeck, Stadthagen","publisher":{"@id":"https:\/\/www.praxis-nicola-theiss.de\/meerbeck\/#organization"},"potentialAction":[{"@type":"SearchAction","target":{"@type":"EntryPoint","urlTemplate":"https:\/\/www.praxis-nicola-theiss.de\/meerbeck\/?s={search_term_string}"},"query-input":{"@type":"PropertyValueSpecification","valueRequired":true,"valueName":"search_term_string"}}],"inLanguage":"de"},{"@type":"Organization","@id":"https:\/\/www.praxis-nicola-theiss.de\/meerbeck\/#organization","name":"Praxis Nicola Thei\u00df","url":"https:\/\/www.praxis-nicola-theiss.de\/meerbeck\/","logo":{"@type":"ImageObject","inLanguage":"de","@id":"https:\/\/www.praxis-nicola-theiss.de\/meerbeck\/#\/schema\/logo\/image\/","url":"https:\/\/www.praxis-nicola-theiss.de\/meerbeck\/wp-content\/uploads\/2015\/03\/logo21.png","contentUrl":"https:\/\/www.praxis-nicola-theiss.de\/meerbeck\/wp-content\/uploads\/2015\/03\/logo21.png","width":324,"height":206,"caption":"Praxis Nicola Thei\u00df"},"image":{"@id":"https:\/\/www.praxis-nicola-theiss.de\/meerbeck\/#\/schema\/logo\/image\/"}}]}},"_links":{"self":[{"href":"https:\/\/www.praxis-nicola-theiss.de\/meerbeck\/wp-json\/wp\/v2\/pages\/168","targetHints":{"allow":["GET"]}}],"collection":[{"href":"https:\/\/www.praxis-nicola-theiss.de\/meerbeck\/wp-json\/wp\/v2\/pages"}],"about":[{"href":"https:\/\/www.praxis-nicola-theiss.de\/meerbeck\/wp-json\/wp\/v2\/types\/page"}],"author":[{"embeddable":true,"href":"https:\/\/www.praxis-nicola-theiss.de\/meerbeck\/wp-json\/wp\/v2\/users\/3"}],"replies":[{"embeddable":true,"href":"https:\/\/www.praxis-nicola-theiss.de\/meerbeck\/wp-json\/wp\/v2\/comments?post=168"}],"version-history":[{"count":24,"href":"https:\/\/www.praxis-nicola-theiss.de\/meerbeck\/wp-json\/wp\/v2\/pages\/168\/revisions"}],"predecessor-version":[{"id":2372,"href":"https:\/\/www.praxis-nicola-theiss.de\/meerbeck\/wp-json\/wp\/v2\/pages\/168\/revisions\/2372"}],"wp:featuredmedia":[{"embeddable":true,"href":"https:\/\/www.praxis-nicola-theiss.de\/meerbeck\/wp-json\/wp\/v2\/media\/1435"}],"wp:attachment":[{"href":"https:\/\/www.praxis-nicola-theiss.de\/meerbeck\/wp-json\/wp\/v2\/media?parent=168"}],"curies":[{"name":"wp","href":"https:\/\/api.w.org\/{rel}","templated":true}]}}