{"id":2,"date":"2012-05-15T09:55:35","date_gmt":"2012-05-15T09:55:35","guid":{"rendered":"http:\/\/www.praxis-nicola-theiss.de\/meerbeck\/?page_id=2"},"modified":"2022-11-28T14:39:11","modified_gmt":"2022-11-28T14:39:11","slug":"beispiel-seite","status":"publish","type":"page","link":"https:\/\/www.praxis-nicola-theiss.de\/meerbeck\/beispiel-seite\/","title":{"rendered":"Therapiekonzept"},"content":{"rendered":"\n<h5 class=\"wp-block-heading\">Wir sind f\u00fcr Sie da, um mit unseren vielf\u00e4ltigen therapeutischen Konzepten zielgerecht f\u00fcr Ihre Gesundheit und Ihr pers\u00f6nliches Wohlbefinden zu sorgen.<\/h5>\n\n\n<ul>\n<li>Physiotherapie<\/li>\n<li>Physiotherapeutische Behandlung aller orthop\u00e4dischen Krankheitsbilder<\/li>\n<li>Physiotherapeutische Nachbehandlung nach chirurgischen Eingriffen am Bewegungsapperat<\/li>\n<li>Krankengymnastik<\/li>\n<li>Handtherapie<\/li>\n<li>Manuelle Therapie<\/li>\n<li>Packungen<\/li>\n<li>Manuelle Lymphdrainage und komplexe Entstauungstherapie<\/li>\n<li>PNF (poprioceptive neuromuskul\u00e4re Fazilitation)<\/li>\n<li>Neurologische Behandlungen<br \/>(nach PNF, Bobath)<\/li>\n<li>Craniosacrale Therapie<\/li>\n<li>Motorisch-funktionelle Behandlungen<br \/>von Kindern und Jugendlichen<\/li>\n<li>Behandlung von Sportverletzungen<\/li>\n<li>S.E.T (sensomotic exercise training)<\/li>\n<li>Migr\u00e4ne- und Kopfschmerzbehandlung<\/li>\n<li>Entspannungstherapie<\/li>\n<li>Kieferbehandlungen, CMD Cranio Mandibul\u00e4re Dysbalance<\/li>\n<li><a href=\"http:\/\/www.praxis-nicola-theiss.de\/meerbeck\/faszientherapie\/\">Faszientherapie<\/a><\/li>\n<li><a href=\"http:\/\/www.praxis-nicola-theiss.de\/meerbeck\/fussreflexzonenmassage\/\">Fu\u00dfreflexzonentherapie<\/a><\/li>\n<\/ul>\n\n\n<figure class=\"wp-block-gallery has-nested-images columns-default is-cropped wp-block-gallery-1 is-layout-flex wp-block-gallery-is-layout-flex\">\n<figure class=\"wp-block-image size-large\"><a href=\"https:\/\/www.praxis-nicola-theiss.de\/meerbeck\/wp-content\/uploads\/2022\/02\/IMG_8874-scaled.jpg\"><img loading=\"lazy\" decoding=\"async\" width=\"1024\" height=\"683\" data-id=\"1949\" src=\"https:\/\/www.praxis-nicola-theiss.de\/meerbeck\/wp-content\/uploads\/2022\/02\/IMG_8874-1024x683.jpg\" alt=\"\" class=\"wp-image-1949\" srcset=\"https:\/\/www.praxis-nicola-theiss.de\/meerbeck\/wp-content\/uploads\/2022\/02\/IMG_8874-1024x683.jpg 1024w, https:\/\/www.praxis-nicola-theiss.de\/meerbeck\/wp-content\/uploads\/2022\/02\/IMG_8874-300x200.jpg 300w, https:\/\/www.praxis-nicola-theiss.de\/meerbeck\/wp-content\/uploads\/2022\/02\/IMG_8874-768x512.jpg 768w, https:\/\/www.praxis-nicola-theiss.de\/meerbeck\/wp-content\/uploads\/2022\/02\/IMG_8874-1536x1024.jpg 1536w, https:\/\/www.praxis-nicola-theiss.de\/meerbeck\/wp-content\/uploads\/2022\/02\/IMG_8874-2048x1365.jpg 2048w, https:\/\/www.praxis-nicola-theiss.de\/meerbeck\/wp-content\/uploads\/2022\/02\/IMG_8874-570x380.jpg 570w, https:\/\/www.praxis-nicola-theiss.de\/meerbeck\/wp-content\/uploads\/2022\/02\/IMG_8874-scaled.jpg 1400w\" sizes=\"auto, (max-width: 1024px) 100vw, 1024px\" \/><\/a><\/figure>\n\n\n\n<figure class=\"wp-block-image size-large\"><a href=\"https:\/\/www.praxis-nicola-theiss.de\/meerbeck\/wp-content\/uploads\/2022\/02\/IMG_8862-scaled.jpg\"><img loading=\"lazy\" decoding=\"async\" width=\"683\" height=\"1024\" data-id=\"1944\" src=\"https:\/\/www.praxis-nicola-theiss.de\/meerbeck\/wp-content\/uploads\/2022\/02\/IMG_8862-683x1024.jpg\" alt=\"Therapie Praxis Merrbeck\" class=\"wp-image-1944\" srcset=\"https:\/\/www.praxis-nicola-theiss.de\/meerbeck\/wp-content\/uploads\/2022\/02\/IMG_8862-683x1024.jpg 683w, https:\/\/www.praxis-nicola-theiss.de\/meerbeck\/wp-content\/uploads\/2022\/02\/IMG_8862-200x300.jpg 200w, https:\/\/www.praxis-nicola-theiss.de\/meerbeck\/wp-content\/uploads\/2022\/02\/IMG_8862-768x1152.jpg 768w, https:\/\/www.praxis-nicola-theiss.de\/meerbeck\/wp-content\/uploads\/2022\/02\/IMG_8862-1024x1536.jpg 1024w, https:\/\/www.praxis-nicola-theiss.de\/meerbeck\/wp-content\/uploads\/2022\/02\/IMG_8862-1365x2048.jpg 1365w, https:\/\/www.praxis-nicola-theiss.de\/meerbeck\/wp-content\/uploads\/2022\/02\/IMG_8862-570x855.jpg 570w, https:\/\/www.praxis-nicola-theiss.de\/meerbeck\/wp-content\/uploads\/2022\/02\/IMG_8862-scaled.jpg 933w\" sizes=\"auto, (max-width: 683px) 100vw, 683px\" \/><\/a><figcaption class=\"wp-element-caption\">Praxis Nicola Thei\u00df Meerbeck, Physiotherapie, Wellness, Kurse in Stadthagen<\/figcaption><\/figure>\n\n\n\n<figure class=\"wp-block-image size-large\"><a href=\"https:\/\/www.praxis-nicola-theiss.de\/meerbeck\/wp-content\/uploads\/2022\/02\/IMG_8990-scaled.jpg\"><img loading=\"lazy\" decoding=\"async\" width=\"1024\" height=\"683\" data-id=\"1952\" src=\"https:\/\/www.praxis-nicola-theiss.de\/meerbeck\/wp-content\/uploads\/2022\/02\/IMG_8990-1024x683.jpg\" alt=\"Praxis Nicola Thei\u00df\" class=\"wp-image-1952\" srcset=\"https:\/\/www.praxis-nicola-theiss.de\/meerbeck\/wp-content\/uploads\/2022\/02\/IMG_8990-1024x683.jpg 1024w, https:\/\/www.praxis-nicola-theiss.de\/meerbeck\/wp-content\/uploads\/2022\/02\/IMG_8990-300x200.jpg 300w, https:\/\/www.praxis-nicola-theiss.de\/meerbeck\/wp-content\/uploads\/2022\/02\/IMG_8990-768x512.jpg 768w, https:\/\/www.praxis-nicola-theiss.de\/meerbeck\/wp-content\/uploads\/2022\/02\/IMG_8990-1536x1024.jpg 1536w, https:\/\/www.praxis-nicola-theiss.de\/meerbeck\/wp-content\/uploads\/2022\/02\/IMG_8990-2048x1365.jpg 2048w, https:\/\/www.praxis-nicola-theiss.de\/meerbeck\/wp-content\/uploads\/2022\/02\/IMG_8990-570x380.jpg 570w, https:\/\/www.praxis-nicola-theiss.de\/meerbeck\/wp-content\/uploads\/2022\/02\/IMG_8990-scaled.jpg 1400w\" sizes=\"auto, (max-width: 1024px) 100vw, 1024px\" \/><\/a><figcaption class=\"wp-element-caption\">Praxis Nicola Thei\u00df Meerbeck, Physiotherapie, Wellness, Kurse in Stadthagen<\/figcaption><\/figure>\n<\/figure>\n<div class=\"shariff shariff-align-flex-start shariff-widget-align-flex-start\"><ul class=\"shariff-buttons theme-round orientation-horizontal buttonsize-medium\"><li class=\"shariff-button facebook shariff-nocustomcolor\" style=\"background-color:#4273c8\"><a href=\"https:\/\/www.facebook.com\/sharer\/sharer.php?u=https%3A%2F%2Fwww.praxis-nicola-theiss.de%2Fmeerbeck%2Fbeispiel-seite%2F\" title=\"Bei Facebook teilen\" aria-label=\"Bei Facebook teilen\" role=\"button\" rel=\"nofollow\" class=\"shariff-link\" style=\"; background-color:#3b5998; color:#fff\" target=\"_blank\"><span class=\"shariff-icon\" style=\"\"><svg width=\"32px\" height=\"20px\" xmlns=\"http:\/\/www.w3.org\/2000\/svg\" viewBox=\"0 0 18 32\"><path fill=\"#3b5998\" d=\"M17.1 0.2v4.7h-2.8q-1.5 0-2.1 0.6t-0.5 1.9v3.4h5.2l-0.7 5.3h-4.5v13.6h-5.5v-13.6h-4.5v-5.3h4.5v-3.9q0-3.3 1.9-5.2t5-1.8q2.6 0 4.1 0.2z\"\/><\/svg><\/span><\/a><\/li><li class=\"shariff-button whatsapp shariff-nocustomcolor\" style=\"background-color:#5cbe4a\"><a href=\"https:\/\/api.whatsapp.com\/send?text=https%3A%2F%2Fwww.praxis-nicola-theiss.de%2Fmeerbeck%2Fbeispiel-seite%2F%20Therapiekonzept\" title=\"Bei Whatsapp teilen\" aria-label=\"Bei Whatsapp teilen\" role=\"button\" rel=\"noopener nofollow\" class=\"shariff-link\" style=\"; background-color:#34af23; color:#fff\" target=\"_blank\"><span class=\"shariff-icon\" style=\"\"><svg width=\"32px\" height=\"20px\" xmlns=\"http:\/\/www.w3.org\/2000\/svg\" viewBox=\"0 0 32 32\"><path fill=\"#34af23\" d=\"M17.6 17.4q0.2 0 1.7 0.8t1.6 0.9q0 0.1 0 0.3 0 0.6-0.3 1.4-0.3 0.7-1.3 1.2t-1.8 0.5q-1 0-3.4-1.1-1.7-0.8-3-2.1t-2.6-3.3q-1.3-1.9-1.3-3.5v-0.1q0.1-1.6 1.3-2.8 0.4-0.4 0.9-0.4 0.1 0 0.3 0t0.3 0q0.3 0 0.5 0.1t0.3 0.5q0.1 0.4 0.6 1.6t0.4 1.3q0 0.4-0.6 1t-0.6 0.8q0 0.1 0.1 0.3 0.6 1.3 1.8 2.4 1 0.9 2.7 1.8 0.2 0.1 0.4 0.1 0.3 0 1-0.9t0.9-0.9zM14 26.9q2.3 0 4.3-0.9t3.6-2.4 2.4-3.6 0.9-4.3-0.9-4.3-2.4-3.6-3.6-2.4-4.3-0.9-4.3 0.9-3.6 2.4-2.4 3.6-0.9 4.3q0 3.6 2.1 6.6l-1.4 4.2 4.3-1.4q2.8 1.9 6.2 1.9zM14 2.2q2.7 0 5.2 1.1t4.3 2.9 2.9 4.3 1.1 5.2-1.1 5.2-2.9 4.3-4.3 2.9-5.2 1.1q-3.5 0-6.5-1.7l-7.4 2.4 2.4-7.2q-1.9-3.2-1.9-6.9 0-2.7 1.1-5.2t2.9-4.3 4.3-2.9 5.2-1.1z\"\/><\/svg><\/span><\/a><\/li><li class=\"shariff-button mailto shariff-nocustomcolor\" style=\"background-color:#a8a8a8\"><a href=\"mailto:?body=https%3A%2F%2Fwww.praxis-nicola-theiss.de%2Fmeerbeck%2Fbeispiel-seite%2F&subject=Therapiekonzept\" title=\"Per E-Mail versenden\" aria-label=\"Per E-Mail versenden\" role=\"button\" rel=\"noopener nofollow\" class=\"shariff-link\" style=\"; background-color:#999; color:#fff\"><span class=\"shariff-icon\" style=\"\"><svg width=\"32px\" height=\"20px\" xmlns=\"http:\/\/www.w3.org\/2000\/svg\" viewBox=\"0 0 32 32\"><path fill=\"#999\" d=\"M32 12.7v14.2q0 1.2-0.8 2t-2 0.9h-26.3q-1.2 0-2-0.9t-0.8-2v-14.2q0.8 0.9 1.8 1.6 6.5 4.4 8.9 6.1 1 0.8 1.6 1.2t1.7 0.9 2 0.4h0.1q0.9 0 2-0.4t1.7-0.9 1.6-1.2q3-2.2 8.9-6.1 1-0.7 1.8-1.6zM32 7.4q0 1.4-0.9 2.7t-2.2 2.2q-6.7 4.7-8.4 5.8-0.2 0.1-0.7 0.5t-1 0.7-0.9 0.6-1.1 0.5-0.9 0.2h-0.1q-0.4 0-0.9-0.2t-1.1-0.5-0.9-0.6-1-0.7-0.7-0.5q-1.6-1.1-4.7-3.2t-3.6-2.6q-1.1-0.7-2.1-2t-1-2.5q0-1.4 0.7-2.3t2.1-0.9h26.3q1.2 0 2 0.8t0.9 2z\"\/><\/svg><\/span><\/a><\/li><\/ul><\/div>","protected":false},"excerpt":{"rendered":"<p>Wir sind f\u00fcr Sie da, um mit unseren vielf\u00e4ltigen therapeutischen Konzepten zielgerecht f\u00fcr Ihre Gesundheit und Ihr pers\u00f6nliches Wohlbefinden zu sorgen. Physiotherapie Physiotherapeutische Behandlung aller orthop\u00e4dischen Krankheitsbilder Physiotherapeutische Nachbehandlung nach chirurgischen Eingriffen am Bewegungsapperat Krankengymnastik Handtherapie Manuelle Therapie Packungen Manuelle Lymphdrainage und komplexe Entstauungstherapie PNF (poprioceptive neuromuskul\u00e4re Fazilitation) Neurologische Behandlungen(nach PNF, Bobath) Craniosacrale Therapie Motorisch-funktionelle [&hellip;]<\/p>\n<div class=\"shariff shariff-align-flex-start shariff-widget-align-flex-start\"><ul class=\"shariff-buttons theme-round orientation-horizontal buttonsize-medium\"><li class=\"shariff-button facebook shariff-nocustomcolor\" style=\"background-color:#4273c8\"><a href=\"https:\/\/www.facebook.com\/sharer\/sharer.php?u=https%3A%2F%2Fwww.praxis-nicola-theiss.de%2Fmeerbeck%2Fbeispiel-seite%2F\" title=\"Bei Facebook teilen\" aria-label=\"Bei Facebook teilen\" role=\"button\" rel=\"nofollow\" class=\"shariff-link\" style=\"; background-color:#3b5998; color:#fff\" target=\"_blank\"><span class=\"shariff-icon\" style=\"\"><svg width=\"32px\" height=\"20px\" xmlns=\"http:\/\/www.w3.org\/2000\/svg\" viewBox=\"0 0 18 32\"><path fill=\"#3b5998\" d=\"M17.1 0.2v4.7h-2.8q-1.5 0-2.1 0.6t-0.5 1.9v3.4h5.2l-0.7 5.3h-4.5v13.6h-5.5v-13.6h-4.5v-5.3h4.5v-3.9q0-3.3 1.9-5.2t5-1.8q2.6 0 4.1 0.2z\"\/><\/svg><\/span><\/a><\/li><li class=\"shariff-button whatsapp shariff-nocustomcolor\" style=\"background-color:#5cbe4a\"><a href=\"https:\/\/api.whatsapp.com\/send?text=https%3A%2F%2Fwww.praxis-nicola-theiss.de%2Fmeerbeck%2Fbeispiel-seite%2F%20Therapiekonzept\" title=\"Bei Whatsapp teilen\" aria-label=\"Bei Whatsapp teilen\" role=\"button\" rel=\"noopener nofollow\" class=\"shariff-link\" style=\"; background-color:#34af23; color:#fff\" target=\"_blank\"><span class=\"shariff-icon\" style=\"\"><svg width=\"32px\" height=\"20px\" xmlns=\"http:\/\/www.w3.org\/2000\/svg\" viewBox=\"0 0 32 32\"><path fill=\"#34af23\" d=\"M17.6 17.4q0.2 0 1.7 0.8t1.6 0.9q0 0.1 0 0.3 0 0.6-0.3 1.4-0.3 0.7-1.3 1.2t-1.8 0.5q-1 0-3.4-1.1-1.7-0.8-3-2.1t-2.6-3.3q-1.3-1.9-1.3-3.5v-0.1q0.1-1.6 1.3-2.8 0.4-0.4 0.9-0.4 0.1 0 0.3 0t0.3 0q0.3 0 0.5 0.1t0.3 0.5q0.1 0.4 0.6 1.6t0.4 1.3q0 0.4-0.6 1t-0.6 0.8q0 0.1 0.1 0.3 0.6 1.3 1.8 2.4 1 0.9 2.7 1.8 0.2 0.1 0.4 0.1 0.3 0 1-0.9t0.9-0.9zM14 26.9q2.3 0 4.3-0.9t3.6-2.4 2.4-3.6 0.9-4.3-0.9-4.3-2.4-3.6-3.6-2.4-4.3-0.9-4.3 0.9-3.6 2.4-2.4 3.6-0.9 4.3q0 3.6 2.1 6.6l-1.4 4.2 4.3-1.4q2.8 1.9 6.2 1.9zM14 2.2q2.7 0 5.2 1.1t4.3 2.9 2.9 4.3 1.1 5.2-1.1 5.2-2.9 4.3-4.3 2.9-5.2 1.1q-3.5 0-6.5-1.7l-7.4 2.4 2.4-7.2q-1.9-3.2-1.9-6.9 0-2.7 1.1-5.2t2.9-4.3 4.3-2.9 5.2-1.1z\"\/><\/svg><\/span><\/a><\/li><li class=\"shariff-button mailto shariff-nocustomcolor\" style=\"background-color:#a8a8a8\"><a href=\"mailto:?body=https%3A%2F%2Fwww.praxis-nicola-theiss.de%2Fmeerbeck%2Fbeispiel-seite%2F&subject=Therapiekonzept\" title=\"Per E-Mail versenden\" aria-label=\"Per E-Mail versenden\" role=\"button\" rel=\"noopener nofollow\" class=\"shariff-link\" style=\"; background-color:#999; color:#fff\"><span class=\"shariff-icon\" style=\"\"><svg width=\"32px\" height=\"20px\" xmlns=\"http:\/\/www.w3.org\/2000\/svg\" viewBox=\"0 0 32 32\"><path fill=\"#999\" d=\"M32 12.7v14.2q0 1.2-0.8 2t-2 0.9h-26.3q-1.2 0-2-0.9t-0.8-2v-14.2q0.8 0.9 1.8 1.6 6.5 4.4 8.9 6.1 1 0.8 1.6 1.2t1.7 0.9 2 0.4h0.1q0.9 0 2-0.4t1.7-0.9 1.6-1.2q3-2.2 8.9-6.1 1-0.7 1.8-1.6zM32 7.4q0 1.4-0.9 2.7t-2.2 2.2q-6.7 4.7-8.4 5.8-0.2 0.1-0.7 0.5t-1 0.7-0.9 0.6-1.1 0.5-0.9 0.2h-0.1q-0.4 0-0.9-0.2t-1.1-0.5-0.9-0.6-1-0.7-0.7-0.5q-1.6-1.1-4.7-3.2t-3.6-2.6q-1.1-0.7-2.1-2t-1-2.5q0-1.4 0.7-2.3t2.1-0.9h26.3q1.2 0 2 0.8t0.9 2z\"\/><\/svg><\/span><\/a><\/li><\/ul><\/div>","protected":false},"author":3,"featured_media":277,"parent":0,"menu_order":5,"comment_status":"open","ping_status":"open","template":"","meta":{"footnotes":""},"class_list":["post-2","page","type-page","status-publish","has-post-thumbnail","czr-hentry"],"yoast_head":"<!-- This site is optimized with the Yoast SEO plugin v26.6 - https:\/\/yoast.com\/wordpress\/plugins\/seo\/ -->\n<title>Therapiekonzept | Praxis Nicola Thei\u00df - Physiotherapie, Kurse, Wellness<\/title>\n<meta name=\"robots\" content=\"index, follow, max-snippet:-1, max-image-preview:large, max-video-preview:-1\" \/>\n<link rel=\"canonical\" href=\"https:\/\/www.praxis-nicola-theiss.de\/meerbeck\/beispiel-seite\/\" \/>\n<meta property=\"og:locale\" content=\"de_DE\" \/>\n<meta property=\"og:type\" content=\"article\" \/>\n<meta property=\"og:title\" content=\"Therapiekonzept | Praxis Nicola Thei\u00df - Physiotherapie, Kurse, Wellness\" \/>\n<meta property=\"og:description\" content=\"Wir sind f\u00fcr Sie da, um mit unseren vielf\u00e4ltigen therapeutischen Konzepten zielgerecht f\u00fcr Ihre Gesundheit und Ihr pers\u00f6nliches Wohlbefinden zu sorgen. Physiotherapie Physiotherapeutische Behandlung aller orthop\u00e4dischen Krankheitsbilder Physiotherapeutische Nachbehandlung nach chirurgischen Eingriffen am Bewegungsapperat Krankengymnastik Handtherapie Manuelle Therapie Packungen Manuelle Lymphdrainage und komplexe Entstauungstherapie PNF (poprioceptive neuromuskul\u00e4re Fazilitation) Neurologische Behandlungen(nach PNF, Bobath) Craniosacrale Therapie Motorisch-funktionelle [&hellip;]\" \/>\n<meta property=\"og:url\" content=\"https:\/\/www.praxis-nicola-theiss.de\/meerbeck\/beispiel-seite\/\" \/>\n<meta property=\"og:site_name\" content=\"Praxis Nicola Thei\u00df - Physiotherapie, Kurse, Wellness\" \/>\n<meta property=\"article:modified_time\" content=\"2022-11-28T14:39:11+00:00\" \/>\n<meta property=\"og:image\" content=\"https:\/\/www.praxis-nicola-theiss.de\/meerbeck\/wp-content\/uploads\/2012\/06\/hot-stone.jpg\" \/>\n\t<meta property=\"og:image:width\" content=\"650\" \/>\n\t<meta property=\"og:image:height\" content=\"253\" \/>\n\t<meta property=\"og:image:type\" content=\"image\/jpeg\" \/>\n<meta name=\"twitter:card\" content=\"summary_large_image\" \/>\n<meta name=\"twitter:label1\" content=\"Gesch\u00e4tzte Lesezeit\" \/>\n\t<meta name=\"twitter:data1\" content=\"2\u00a0Minuten\" \/>\n<script type=\"application\/ld+json\" class=\"yoast-schema-graph\">{\"@context\":\"https:\/\/schema.org\",\"@graph\":[{\"@type\":\"WebPage\",\"@id\":\"https:\/\/www.praxis-nicola-theiss.de\/meerbeck\/beispiel-seite\/\",\"url\":\"https:\/\/www.praxis-nicola-theiss.de\/meerbeck\/beispiel-seite\/\",\"name\":\"Therapiekonzept | Praxis Nicola Thei\u00df - Physiotherapie, Kurse, Wellness\",\"isPartOf\":{\"@id\":\"https:\/\/www.praxis-nicola-theiss.de\/meerbeck\/#website\"},\"primaryImageOfPage\":{\"@id\":\"https:\/\/www.praxis-nicola-theiss.de\/meerbeck\/beispiel-seite\/#primaryimage\"},\"image\":{\"@id\":\"https:\/\/www.praxis-nicola-theiss.de\/meerbeck\/beispiel-seite\/#primaryimage\"},\"thumbnailUrl\":\"https:\/\/www.praxis-nicola-theiss.de\/meerbeck\/wp-content\/uploads\/2012\/06\/hot-stone.jpg\",\"datePublished\":\"2012-05-15T09:55:35+00:00\",\"dateModified\":\"2022-11-28T14:39:11+00:00\",\"breadcrumb\":{\"@id\":\"https:\/\/www.praxis-nicola-theiss.de\/meerbeck\/beispiel-seite\/#breadcrumb\"},\"inLanguage\":\"de\",\"potentialAction\":[{\"@type\":\"ReadAction\",\"target\":[\"https:\/\/www.praxis-nicola-theiss.de\/meerbeck\/beispiel-seite\/\"]}]},{\"@type\":\"ImageObject\",\"inLanguage\":\"de\",\"@id\":\"https:\/\/www.praxis-nicola-theiss.de\/meerbeck\/beispiel-seite\/#primaryimage\",\"url\":\"https:\/\/www.praxis-nicola-theiss.de\/meerbeck\/wp-content\/uploads\/2012\/06\/hot-stone.jpg\",\"contentUrl\":\"https:\/\/www.praxis-nicola-theiss.de\/meerbeck\/wp-content\/uploads\/2012\/06\/hot-stone.jpg\",\"width\":650,\"height\":253},{\"@type\":\"BreadcrumbList\",\"@id\":\"https:\/\/www.praxis-nicola-theiss.de\/meerbeck\/beispiel-seite\/#breadcrumb\",\"itemListElement\":[{\"@type\":\"ListItem\",\"position\":1,\"name\":\"Startseite\",\"item\":\"https:\/\/www.praxis-nicola-theiss.de\/meerbeck\/\"},{\"@type\":\"ListItem\",\"position\":2,\"name\":\"Therapiekonzept\"}]},{\"@type\":\"WebSite\",\"@id\":\"https:\/\/www.praxis-nicola-theiss.de\/meerbeck\/#website\",\"url\":\"https:\/\/www.praxis-nicola-theiss.de\/meerbeck\/\",\"name\":\"Praxis Nicola Thei\u00df - Physiotherapie, Kurse, Wellness\",\"description\":\"Physiotherapie in Meerbeck, Stadthagen\",\"publisher\":{\"@id\":\"https:\/\/www.praxis-nicola-theiss.de\/meerbeck\/#organization\"},\"potentialAction\":[{\"@type\":\"SearchAction\",\"target\":{\"@type\":\"EntryPoint\",\"urlTemplate\":\"https:\/\/www.praxis-nicola-theiss.de\/meerbeck\/?s={search_term_string}\"},\"query-input\":{\"@type\":\"PropertyValueSpecification\",\"valueRequired\":true,\"valueName\":\"search_term_string\"}}],\"inLanguage\":\"de\"},{\"@type\":\"Organization\",\"@id\":\"https:\/\/www.praxis-nicola-theiss.de\/meerbeck\/#organization\",\"name\":\"Praxis Nicola Thei\u00df\",\"url\":\"https:\/\/www.praxis-nicola-theiss.de\/meerbeck\/\",\"logo\":{\"@type\":\"ImageObject\",\"inLanguage\":\"de\",\"@id\":\"https:\/\/www.praxis-nicola-theiss.de\/meerbeck\/#\/schema\/logo\/image\/\",\"url\":\"https:\/\/www.praxis-nicola-theiss.de\/meerbeck\/wp-content\/uploads\/2015\/03\/logo21.png\",\"contentUrl\":\"https:\/\/www.praxis-nicola-theiss.de\/meerbeck\/wp-content\/uploads\/2015\/03\/logo21.png\",\"width\":324,\"height\":206,\"caption\":\"Praxis Nicola Thei\u00df\"},\"image\":{\"@id\":\"https:\/\/www.praxis-nicola-theiss.de\/meerbeck\/#\/schema\/logo\/image\/\"}}]}<\/script>\n<!-- \/ Yoast SEO plugin. -->","yoast_head_json":{"title":"Therapiekonzept | Praxis Nicola Thei\u00df - Physiotherapie, Kurse, Wellness","robots":{"index":"index","follow":"follow","max-snippet":"max-snippet:-1","max-image-preview":"max-image-preview:large","max-video-preview":"max-video-preview:-1"},"canonical":"https:\/\/www.praxis-nicola-theiss.de\/meerbeck\/beispiel-seite\/","og_locale":"de_DE","og_type":"article","og_title":"Therapiekonzept | Praxis Nicola Thei\u00df - Physiotherapie, Kurse, Wellness","og_description":"Wir sind f\u00fcr Sie da, um mit unseren vielf\u00e4ltigen therapeutischen Konzepten zielgerecht f\u00fcr Ihre Gesundheit und Ihr pers\u00f6nliches Wohlbefinden zu sorgen. Physiotherapie Physiotherapeutische Behandlung aller orthop\u00e4dischen Krankheitsbilder Physiotherapeutische Nachbehandlung nach chirurgischen Eingriffen am Bewegungsapperat Krankengymnastik Handtherapie Manuelle Therapie Packungen Manuelle Lymphdrainage und komplexe Entstauungstherapie PNF (poprioceptive neuromuskul\u00e4re Fazilitation) Neurologische Behandlungen(nach PNF, Bobath) Craniosacrale Therapie Motorisch-funktionelle [&hellip;]","og_url":"https:\/\/www.praxis-nicola-theiss.de\/meerbeck\/beispiel-seite\/","og_site_name":"Praxis Nicola Thei\u00df - Physiotherapie, Kurse, Wellness","article_modified_time":"2022-11-28T14:39:11+00:00","og_image":[{"width":650,"height":253,"url":"https:\/\/www.praxis-nicola-theiss.de\/meerbeck\/wp-content\/uploads\/2012\/06\/hot-stone.jpg","type":"image\/jpeg"}],"twitter_card":"summary_large_image","twitter_misc":{"Gesch\u00e4tzte Lesezeit":"2\u00a0Minuten"},"schema":{"@context":"https:\/\/schema.org","@graph":[{"@type":"WebPage","@id":"https:\/\/www.praxis-nicola-theiss.de\/meerbeck\/beispiel-seite\/","url":"https:\/\/www.praxis-nicola-theiss.de\/meerbeck\/beispiel-seite\/","name":"Therapiekonzept | Praxis Nicola Thei\u00df - Physiotherapie, Kurse, Wellness","isPartOf":{"@id":"https:\/\/www.praxis-nicola-theiss.de\/meerbeck\/#website"},"primaryImageOfPage":{"@id":"https:\/\/www.praxis-nicola-theiss.de\/meerbeck\/beispiel-seite\/#primaryimage"},"image":{"@id":"https:\/\/www.praxis-nicola-theiss.de\/meerbeck\/beispiel-seite\/#primaryimage"},"thumbnailUrl":"https:\/\/www.praxis-nicola-theiss.de\/meerbeck\/wp-content\/uploads\/2012\/06\/hot-stone.jpg","datePublished":"2012-05-15T09:55:35+00:00","dateModified":"2022-11-28T14:39:11+00:00","breadcrumb":{"@id":"https:\/\/www.praxis-nicola-theiss.de\/meerbeck\/beispiel-seite\/#breadcrumb"},"inLanguage":"de","potentialAction":[{"@type":"ReadAction","target":["https:\/\/www.praxis-nicola-theiss.de\/meerbeck\/beispiel-seite\/"]}]},{"@type":"ImageObject","inLanguage":"de","@id":"https:\/\/www.praxis-nicola-theiss.de\/meerbeck\/beispiel-seite\/#primaryimage","url":"https:\/\/www.praxis-nicola-theiss.de\/meerbeck\/wp-content\/uploads\/2012\/06\/hot-stone.jpg","contentUrl":"https:\/\/www.praxis-nicola-theiss.de\/meerbeck\/wp-content\/uploads\/2012\/06\/hot-stone.jpg","width":650,"height":253},{"@type":"BreadcrumbList","@id":"https:\/\/www.praxis-nicola-theiss.de\/meerbeck\/beispiel-seite\/#breadcrumb","itemListElement":[{"@type":"ListItem","position":1,"name":"Startseite","item":"https:\/\/www.praxis-nicola-theiss.de\/meerbeck\/"},{"@type":"ListItem","position":2,"name":"Therapiekonzept"}]},{"@type":"WebSite","@id":"https:\/\/www.praxis-nicola-theiss.de\/meerbeck\/#website","url":"https:\/\/www.praxis-nicola-theiss.de\/meerbeck\/","name":"Praxis Nicola Thei\u00df - Physiotherapie, Kurse, Wellness","description":"Physiotherapie in Meerbeck, Stadthagen","publisher":{"@id":"https:\/\/www.praxis-nicola-theiss.de\/meerbeck\/#organization"},"potentialAction":[{"@type":"SearchAction","target":{"@type":"EntryPoint","urlTemplate":"https:\/\/www.praxis-nicola-theiss.de\/meerbeck\/?s={search_term_string}"},"query-input":{"@type":"PropertyValueSpecification","valueRequired":true,"valueName":"search_term_string"}}],"inLanguage":"de"},{"@type":"Organization","@id":"https:\/\/www.praxis-nicola-theiss.de\/meerbeck\/#organization","name":"Praxis Nicola Thei\u00df","url":"https:\/\/www.praxis-nicola-theiss.de\/meerbeck\/","logo":{"@type":"ImageObject","inLanguage":"de","@id":"https:\/\/www.praxis-nicola-theiss.de\/meerbeck\/#\/schema\/logo\/image\/","url":"https:\/\/www.praxis-nicola-theiss.de\/meerbeck\/wp-content\/uploads\/2015\/03\/logo21.png","contentUrl":"https:\/\/www.praxis-nicola-theiss.de\/meerbeck\/wp-content\/uploads\/2015\/03\/logo21.png","width":324,"height":206,"caption":"Praxis Nicola Thei\u00df"},"image":{"@id":"https:\/\/www.praxis-nicola-theiss.de\/meerbeck\/#\/schema\/logo\/image\/"}}]}},"_links":{"self":[{"href":"https:\/\/www.praxis-nicola-theiss.de\/meerbeck\/wp-json\/wp\/v2\/pages\/2","targetHints":{"allow":["GET"]}}],"collection":[{"href":"https:\/\/www.praxis-nicola-theiss.de\/meerbeck\/wp-json\/wp\/v2\/pages"}],"about":[{"href":"https:\/\/www.praxis-nicola-theiss.de\/meerbeck\/wp-json\/wp\/v2\/types\/page"}],"author":[{"embeddable":true,"href":"https:\/\/www.praxis-nicola-theiss.de\/meerbeck\/wp-json\/wp\/v2\/users\/3"}],"replies":[{"embeddable":true,"href":"https:\/\/www.praxis-nicola-theiss.de\/meerbeck\/wp-json\/wp\/v2\/comments?post=2"}],"version-history":[{"count":3,"href":"https:\/\/www.praxis-nicola-theiss.de\/meerbeck\/wp-json\/wp\/v2\/pages\/2\/revisions"}],"predecessor-version":[{"id":2166,"href":"https:\/\/www.praxis-nicola-theiss.de\/meerbeck\/wp-json\/wp\/v2\/pages\/2\/revisions\/2166"}],"wp:featuredmedia":[{"embeddable":true,"href":"https:\/\/www.praxis-nicola-theiss.de\/meerbeck\/wp-json\/wp\/v2\/media\/277"}],"wp:attachment":[{"href":"https:\/\/www.praxis-nicola-theiss.de\/meerbeck\/wp-json\/wp\/v2\/media?parent=2"}],"curies":[{"name":"wp","href":"https:\/\/api.w.org\/{rel}","templated":true}]}}