{"id":28,"date":"2012-06-01T10:47:26","date_gmt":"2012-06-01T10:47:26","guid":{"rendered":"http:\/\/www.praxis-nicola-theiss.de\/meerbeck\/?page_id=28"},"modified":"2023-02-14T08:34:31","modified_gmt":"2023-02-14T08:34:31","slug":"wellness","status":"publish","type":"page","link":"https:\/\/www.praxis-nicola-theiss.de\/meerbeck\/wellness\/","title":{"rendered":"Wellness"},"content":{"rendered":"<p><a href=\"http:\/\/www.praxis-nicola-theiss.de\/meerbeck\/wp-content\/uploads\/2012\/06\/Bildschirmfoto-2012-06-01-um-12.45.59.png\"><img loading=\"lazy\" decoding=\"async\" class=\"alignnone size-full wp-image-29\" title=\"Wellness\" src=\"http:\/\/www.praxis-nicola-theiss.de\/meerbeck\/wp-content\/uploads\/2012\/06\/Bildschirmfoto-2012-06-01-um-12.45.59.png\" alt=\"\" width=\"570\" height=\"252\" srcset=\"https:\/\/www.praxis-nicola-theiss.de\/meerbeck\/wp-content\/uploads\/2012\/06\/Bildschirmfoto-2012-06-01-um-12.45.59.png 570w, https:\/\/www.praxis-nicola-theiss.de\/meerbeck\/wp-content\/uploads\/2012\/06\/Bildschirmfoto-2012-06-01-um-12.45.59-300x132.png 300w\" sizes=\"auto, (max-width: 570px) 100vw, 570px\" \/><\/a><\/p>\n<p align=\"left\"><strong>Entspannung f\u00fcr K\u00f6rper und Seele<\/strong><\/p>\n<p align=\"left\">Wir m\u00f6chten, dass Sie sich rundherum wohlf\u00fchlen.<\/p>\n<p align=\"left\">Deswegen bieten wir neben unserem therapeutischen Angebot\u00a0auch ein Wellnessprogramm an.<br \/>\nEs umfasst Wellnessmassagen, therapeutische Massagen f\u00fcr den Schulter-\/Nackenbereich, den R\u00fccken und auch f\u00fcr den gesamten K\u00f6rper, dies l\u00f6st Verspannungen, regt den Stoffwechsel und die Durchblutung an und lindert muskul\u00e4r bedingte Schmerzsymptomatiken.<\/p>\n<p align=\"left\">Dies Ambiente zum Wohlf\u00fchlen rundet\u00a0unseren ganzheitlichen Therapiegedanken ab.<\/p>\n<p align=\"left\"><span style=\"color: #800000;\"><strong>Finden Sie Ihre Wellnessmassage:<\/strong><\/span><\/p>\n<ul>\n<li><a href=\"http:\/\/www.praxis-nicola-theiss.de\/meerbeck\/wellness\/aromaolmassage\/\">Aroma\u00f6lmassage<\/a><\/li>\n<li><a href=\"http:\/\/www.praxis-nicola-theiss.de\/meerbeck\/entspannungsmassage\/\">Entspannungsmassage<\/a><\/li>\n<li><a href=\"http:\/\/www.praxis-nicola-theiss.de\/meerbeck\/salzkristallmassage\/\">Salzkristallmassage<\/a><\/li>\n<\/ul>\n<div class=\"shariff shariff-align-flex-start shariff-widget-align-flex-start\"><ul class=\"shariff-buttons theme-round orientation-horizontal buttonsize-medium\"><li class=\"shariff-button facebook shariff-nocustomcolor\" style=\"background-color:#4273c8\"><a href=\"https:\/\/www.facebook.com\/sharer\/sharer.php?u=https%3A%2F%2Fwww.praxis-nicola-theiss.de%2Fmeerbeck%2Fwellness%2F\" title=\"Bei Facebook teilen\" aria-label=\"Bei Facebook teilen\" role=\"button\" rel=\"nofollow\" class=\"shariff-link\" style=\"; background-color:#3b5998; color:#fff\" target=\"_blank\"><span class=\"shariff-icon\" style=\"\"><svg width=\"32px\" height=\"20px\" xmlns=\"http:\/\/www.w3.org\/2000\/svg\" viewBox=\"0 0 18 32\"><path fill=\"#3b5998\" d=\"M17.1 0.2v4.7h-2.8q-1.5 0-2.1 0.6t-0.5 1.9v3.4h5.2l-0.7 5.3h-4.5v13.6h-5.5v-13.6h-4.5v-5.3h4.5v-3.9q0-3.3 1.9-5.2t5-1.8q2.6 0 4.1 0.2z\"\/><\/svg><\/span><\/a><\/li><li class=\"shariff-button whatsapp shariff-nocustomcolor\" style=\"background-color:#5cbe4a\"><a href=\"https:\/\/api.whatsapp.com\/send?text=https%3A%2F%2Fwww.praxis-nicola-theiss.de%2Fmeerbeck%2Fwellness%2F%20Wellness\" title=\"Bei Whatsapp teilen\" aria-label=\"Bei Whatsapp teilen\" role=\"button\" rel=\"noopener nofollow\" class=\"shariff-link\" style=\"; background-color:#34af23; color:#fff\" target=\"_blank\"><span class=\"shariff-icon\" style=\"\"><svg width=\"32px\" height=\"20px\" xmlns=\"http:\/\/www.w3.org\/2000\/svg\" viewBox=\"0 0 32 32\"><path fill=\"#34af23\" d=\"M17.6 17.4q0.2 0 1.7 0.8t1.6 0.9q0 0.1 0 0.3 0 0.6-0.3 1.4-0.3 0.7-1.3 1.2t-1.8 0.5q-1 0-3.4-1.1-1.7-0.8-3-2.1t-2.6-3.3q-1.3-1.9-1.3-3.5v-0.1q0.1-1.6 1.3-2.8 0.4-0.4 0.9-0.4 0.1 0 0.3 0t0.3 0q0.3 0 0.5 0.1t0.3 0.5q0.1 0.4 0.6 1.6t0.4 1.3q0 0.4-0.6 1t-0.6 0.8q0 0.1 0.1 0.3 0.6 1.3 1.8 2.4 1 0.9 2.7 1.8 0.2 0.1 0.4 0.1 0.3 0 1-0.9t0.9-0.9zM14 26.9q2.3 0 4.3-0.9t3.6-2.4 2.4-3.6 0.9-4.3-0.9-4.3-2.4-3.6-3.6-2.4-4.3-0.9-4.3 0.9-3.6 2.4-2.4 3.6-0.9 4.3q0 3.6 2.1 6.6l-1.4 4.2 4.3-1.4q2.8 1.9 6.2 1.9zM14 2.2q2.7 0 5.2 1.1t4.3 2.9 2.9 4.3 1.1 5.2-1.1 5.2-2.9 4.3-4.3 2.9-5.2 1.1q-3.5 0-6.5-1.7l-7.4 2.4 2.4-7.2q-1.9-3.2-1.9-6.9 0-2.7 1.1-5.2t2.9-4.3 4.3-2.9 5.2-1.1z\"\/><\/svg><\/span><\/a><\/li><li class=\"shariff-button mailto shariff-nocustomcolor\" style=\"background-color:#a8a8a8\"><a href=\"mailto:?body=https%3A%2F%2Fwww.praxis-nicola-theiss.de%2Fmeerbeck%2Fwellness%2F&subject=Wellness\" title=\"Per E-Mail versenden\" aria-label=\"Per E-Mail versenden\" role=\"button\" rel=\"noopener nofollow\" class=\"shariff-link\" style=\"; background-color:#999; color:#fff\"><span class=\"shariff-icon\" style=\"\"><svg width=\"32px\" height=\"20px\" xmlns=\"http:\/\/www.w3.org\/2000\/svg\" viewBox=\"0 0 32 32\"><path fill=\"#999\" d=\"M32 12.7v14.2q0 1.2-0.8 2t-2 0.9h-26.3q-1.2 0-2-0.9t-0.8-2v-14.2q0.8 0.9 1.8 1.6 6.5 4.4 8.9 6.1 1 0.8 1.6 1.2t1.7 0.9 2 0.4h0.1q0.9 0 2-0.4t1.7-0.9 1.6-1.2q3-2.2 8.9-6.1 1-0.7 1.8-1.6zM32 7.4q0 1.4-0.9 2.7t-2.2 2.2q-6.7 4.7-8.4 5.8-0.2 0.1-0.7 0.5t-1 0.7-0.9 0.6-1.1 0.5-0.9 0.2h-0.1q-0.4 0-0.9-0.2t-1.1-0.5-0.9-0.6-1-0.7-0.7-0.5q-1.6-1.1-4.7-3.2t-3.6-2.6q-1.1-0.7-2.1-2t-1-2.5q0-1.4 0.7-2.3t2.1-0.9h26.3q1.2 0 2 0.8t0.9 2z\"\/><\/svg><\/span><\/a><\/li><\/ul><\/div>","protected":false},"excerpt":{"rendered":"<p>Entspannung f\u00fcr K\u00f6rper und Seele Wir m\u00f6chten, dass Sie sich rundherum wohlf\u00fchlen. Deswegen bieten wir neben unserem therapeutischen Angebot\u00a0auch ein Wellnessprogramm an. Es umfasst Wellnessmassagen, therapeutische Massagen f\u00fcr den Schulter-\/Nackenbereich, den R\u00fccken und auch f\u00fcr den gesamten K\u00f6rper, dies l\u00f6st Verspannungen, regt den Stoffwechsel und die Durchblutung an und lindert muskul\u00e4r bedingte Schmerzsymptomatiken. Dies Ambiente [&hellip;]<\/p>\n<div class=\"shariff shariff-align-flex-start shariff-widget-align-flex-start\"><ul class=\"shariff-buttons theme-round orientation-horizontal buttonsize-medium\"><li class=\"shariff-button facebook shariff-nocustomcolor\" style=\"background-color:#4273c8\"><a href=\"https:\/\/www.facebook.com\/sharer\/sharer.php?u=https%3A%2F%2Fwww.praxis-nicola-theiss.de%2Fmeerbeck%2Fwellness%2F\" title=\"Bei Facebook teilen\" aria-label=\"Bei Facebook teilen\" role=\"button\" rel=\"nofollow\" class=\"shariff-link\" style=\"; background-color:#3b5998; color:#fff\" target=\"_blank\"><span class=\"shariff-icon\" style=\"\"><svg width=\"32px\" height=\"20px\" xmlns=\"http:\/\/www.w3.org\/2000\/svg\" viewBox=\"0 0 18 32\"><path fill=\"#3b5998\" d=\"M17.1 0.2v4.7h-2.8q-1.5 0-2.1 0.6t-0.5 1.9v3.4h5.2l-0.7 5.3h-4.5v13.6h-5.5v-13.6h-4.5v-5.3h4.5v-3.9q0-3.3 1.9-5.2t5-1.8q2.6 0 4.1 0.2z\"\/><\/svg><\/span><\/a><\/li><li class=\"shariff-button whatsapp shariff-nocustomcolor\" style=\"background-color:#5cbe4a\"><a href=\"https:\/\/api.whatsapp.com\/send?text=https%3A%2F%2Fwww.praxis-nicola-theiss.de%2Fmeerbeck%2Fwellness%2F%20Wellness\" title=\"Bei Whatsapp teilen\" aria-label=\"Bei Whatsapp teilen\" role=\"button\" rel=\"noopener nofollow\" class=\"shariff-link\" style=\"; background-color:#34af23; color:#fff\" target=\"_blank\"><span class=\"shariff-icon\" style=\"\"><svg width=\"32px\" height=\"20px\" xmlns=\"http:\/\/www.w3.org\/2000\/svg\" viewBox=\"0 0 32 32\"><path fill=\"#34af23\" d=\"M17.6 17.4q0.2 0 1.7 0.8t1.6 0.9q0 0.1 0 0.3 0 0.6-0.3 1.4-0.3 0.7-1.3 1.2t-1.8 0.5q-1 0-3.4-1.1-1.7-0.8-3-2.1t-2.6-3.3q-1.3-1.9-1.3-3.5v-0.1q0.1-1.6 1.3-2.8 0.4-0.4 0.9-0.4 0.1 0 0.3 0t0.3 0q0.3 0 0.5 0.1t0.3 0.5q0.1 0.4 0.6 1.6t0.4 1.3q0 0.4-0.6 1t-0.6 0.8q0 0.1 0.1 0.3 0.6 1.3 1.8 2.4 1 0.9 2.7 1.8 0.2 0.1 0.4 0.1 0.3 0 1-0.9t0.9-0.9zM14 26.9q2.3 0 4.3-0.9t3.6-2.4 2.4-3.6 0.9-4.3-0.9-4.3-2.4-3.6-3.6-2.4-4.3-0.9-4.3 0.9-3.6 2.4-2.4 3.6-0.9 4.3q0 3.6 2.1 6.6l-1.4 4.2 4.3-1.4q2.8 1.9 6.2 1.9zM14 2.2q2.7 0 5.2 1.1t4.3 2.9 2.9 4.3 1.1 5.2-1.1 5.2-2.9 4.3-4.3 2.9-5.2 1.1q-3.5 0-6.5-1.7l-7.4 2.4 2.4-7.2q-1.9-3.2-1.9-6.9 0-2.7 1.1-5.2t2.9-4.3 4.3-2.9 5.2-1.1z\"\/><\/svg><\/span><\/a><\/li><li class=\"shariff-button mailto shariff-nocustomcolor\" style=\"background-color:#a8a8a8\"><a href=\"mailto:?body=https%3A%2F%2Fwww.praxis-nicola-theiss.de%2Fmeerbeck%2Fwellness%2F&subject=Wellness\" title=\"Per E-Mail versenden\" aria-label=\"Per E-Mail versenden\" role=\"button\" rel=\"noopener nofollow\" class=\"shariff-link\" style=\"; background-color:#999; color:#fff\"><span class=\"shariff-icon\" style=\"\"><svg width=\"32px\" height=\"20px\" xmlns=\"http:\/\/www.w3.org\/2000\/svg\" viewBox=\"0 0 32 32\"><path fill=\"#999\" d=\"M32 12.7v14.2q0 1.2-0.8 2t-2 0.9h-26.3q-1.2 0-2-0.9t-0.8-2v-14.2q0.8 0.9 1.8 1.6 6.5 4.4 8.9 6.1 1 0.8 1.6 1.2t1.7 0.9 2 0.4h0.1q0.9 0 2-0.4t1.7-0.9 1.6-1.2q3-2.2 8.9-6.1 1-0.7 1.8-1.6zM32 7.4q0 1.4-0.9 2.7t-2.2 2.2q-6.7 4.7-8.4 5.8-0.2 0.1-0.7 0.5t-1 0.7-0.9 0.6-1.1 0.5-0.9 0.2h-0.1q-0.4 0-0.9-0.2t-1.1-0.5-0.9-0.6-1-0.7-0.7-0.5q-1.6-1.1-4.7-3.2t-3.6-2.6q-1.1-0.7-2.1-2t-1-2.5q0-1.4 0.7-2.3t2.1-0.9h26.3q1.2 0 2 0.8t0.9 2z\"\/><\/svg><\/span><\/a><\/li><\/ul><\/div>","protected":false},"author":3,"featured_media":1319,"parent":0,"menu_order":0,"comment_status":"open","ping_status":"open","template":"","meta":{"footnotes":""},"class_list":["post-28","page","type-page","status-publish","has-post-thumbnail","czr-hentry"],"yoast_head":"<!-- This site is optimized with the Yoast SEO plugin v26.6 - https:\/\/yoast.com\/wordpress\/plugins\/seo\/ -->\n<title>Wellness | Praxis Nicola Thei\u00df - Physiotherapie, Kurse, Wellness<\/title>\n<meta name=\"description\" content=\"Wellness, Massagen, Entspannungsmassagen, Aroma\u00f6lmassage in der Physiotherapiepraxis Nicola Theis in Meerbeck, Stadthagen\" \/>\n<meta name=\"robots\" content=\"index, follow, max-snippet:-1, max-image-preview:large, max-video-preview:-1\" \/>\n<link rel=\"canonical\" href=\"https:\/\/www.praxis-nicola-theiss.de\/meerbeck\/wellness\/\" \/>\n<meta property=\"og:locale\" content=\"de_DE\" \/>\n<meta property=\"og:type\" content=\"article\" \/>\n<meta property=\"og:title\" content=\"Wellness | Praxis Nicola Thei\u00df - Physiotherapie, Kurse, Wellness\" \/>\n<meta property=\"og:description\" content=\"Wellness, Massagen, Entspannungsmassagen, Aroma\u00f6lmassage in der Physiotherapiepraxis Nicola Theis in Meerbeck, Stadthagen\" \/>\n<meta property=\"og:url\" content=\"https:\/\/www.praxis-nicola-theiss.de\/meerbeck\/wellness\/\" \/>\n<meta property=\"og:site_name\" content=\"Praxis Nicola Thei\u00df - Physiotherapie, Kurse, Wellness\" \/>\n<meta property=\"article:modified_time\" content=\"2023-02-14T08:34:31+00:00\" \/>\n<meta property=\"og:image\" content=\"https:\/\/www.praxis-nicola-theiss.de\/meerbeck\/wp-content\/uploads\/2012\/06\/kokoso\u0308l.jpg\" \/>\n\t<meta property=\"og:image:width\" content=\"400\" \/>\n\t<meta property=\"og:image:height\" content=\"300\" \/>\n\t<meta property=\"og:image:type\" content=\"image\/jpeg\" \/>\n<meta name=\"twitter:card\" content=\"summary_large_image\" \/>\n<meta name=\"twitter:label1\" content=\"Gesch\u00e4tzte Lesezeit\" \/>\n\t<meta name=\"twitter:data1\" content=\"1\u00a0Minute\" \/>\n<script type=\"application\/ld+json\" class=\"yoast-schema-graph\">{\"@context\":\"https:\/\/schema.org\",\"@graph\":[{\"@type\":\"WebPage\",\"@id\":\"https:\/\/www.praxis-nicola-theiss.de\/meerbeck\/wellness\/\",\"url\":\"https:\/\/www.praxis-nicola-theiss.de\/meerbeck\/wellness\/\",\"name\":\"Wellness | Praxis Nicola Thei\u00df - Physiotherapie, Kurse, Wellness\",\"isPartOf\":{\"@id\":\"https:\/\/www.praxis-nicola-theiss.de\/meerbeck\/#website\"},\"primaryImageOfPage\":{\"@id\":\"https:\/\/www.praxis-nicola-theiss.de\/meerbeck\/wellness\/#primaryimage\"},\"image\":{\"@id\":\"https:\/\/www.praxis-nicola-theiss.de\/meerbeck\/wellness\/#primaryimage\"},\"thumbnailUrl\":\"https:\/\/www.praxis-nicola-theiss.de\/meerbeck\/wp-content\/uploads\/2012\/06\/kokoso\u0308l.jpg\",\"datePublished\":\"2012-06-01T10:47:26+00:00\",\"dateModified\":\"2023-02-14T08:34:31+00:00\",\"description\":\"Wellness, Massagen, Entspannungsmassagen, Aroma\u00f6lmassage in der Physiotherapiepraxis Nicola Theis in Meerbeck, Stadthagen\",\"breadcrumb\":{\"@id\":\"https:\/\/www.praxis-nicola-theiss.de\/meerbeck\/wellness\/#breadcrumb\"},\"inLanguage\":\"de\",\"potentialAction\":[{\"@type\":\"ReadAction\",\"target\":[\"https:\/\/www.praxis-nicola-theiss.de\/meerbeck\/wellness\/\"]}]},{\"@type\":\"ImageObject\",\"inLanguage\":\"de\",\"@id\":\"https:\/\/www.praxis-nicola-theiss.de\/meerbeck\/wellness\/#primaryimage\",\"url\":\"https:\/\/www.praxis-nicola-theiss.de\/meerbeck\/wp-content\/uploads\/2012\/06\/kokoso\u0308l.jpg\",\"contentUrl\":\"https:\/\/www.praxis-nicola-theiss.de\/meerbeck\/wp-content\/uploads\/2012\/06\/kokoso\u0308l.jpg\",\"width\":400,\"height\":300,\"caption\":\"natural coconut walnut oil\"},{\"@type\":\"BreadcrumbList\",\"@id\":\"https:\/\/www.praxis-nicola-theiss.de\/meerbeck\/wellness\/#breadcrumb\",\"itemListElement\":[{\"@type\":\"ListItem\",\"position\":1,\"name\":\"Startseite\",\"item\":\"https:\/\/www.praxis-nicola-theiss.de\/meerbeck\/\"},{\"@type\":\"ListItem\",\"position\":2,\"name\":\"Wellness\"}]},{\"@type\":\"WebSite\",\"@id\":\"https:\/\/www.praxis-nicola-theiss.de\/meerbeck\/#website\",\"url\":\"https:\/\/www.praxis-nicola-theiss.de\/meerbeck\/\",\"name\":\"Praxis Nicola Thei\u00df - Physiotherapie, Kurse, Wellness\",\"description\":\"Physiotherapie in Meerbeck, Stadthagen\",\"publisher\":{\"@id\":\"https:\/\/www.praxis-nicola-theiss.de\/meerbeck\/#organization\"},\"potentialAction\":[{\"@type\":\"SearchAction\",\"target\":{\"@type\":\"EntryPoint\",\"urlTemplate\":\"https:\/\/www.praxis-nicola-theiss.de\/meerbeck\/?s={search_term_string}\"},\"query-input\":{\"@type\":\"PropertyValueSpecification\",\"valueRequired\":true,\"valueName\":\"search_term_string\"}}],\"inLanguage\":\"de\"},{\"@type\":\"Organization\",\"@id\":\"https:\/\/www.praxis-nicola-theiss.de\/meerbeck\/#organization\",\"name\":\"Praxis Nicola Thei\u00df\",\"url\":\"https:\/\/www.praxis-nicola-theiss.de\/meerbeck\/\",\"logo\":{\"@type\":\"ImageObject\",\"inLanguage\":\"de\",\"@id\":\"https:\/\/www.praxis-nicola-theiss.de\/meerbeck\/#\/schema\/logo\/image\/\",\"url\":\"https:\/\/www.praxis-nicola-theiss.de\/meerbeck\/wp-content\/uploads\/2015\/03\/logo21.png\",\"contentUrl\":\"https:\/\/www.praxis-nicola-theiss.de\/meerbeck\/wp-content\/uploads\/2015\/03\/logo21.png\",\"width\":324,\"height\":206,\"caption\":\"Praxis Nicola Thei\u00df\"},\"image\":{\"@id\":\"https:\/\/www.praxis-nicola-theiss.de\/meerbeck\/#\/schema\/logo\/image\/\"}}]}<\/script>\n<!-- \/ Yoast SEO plugin. -->","yoast_head_json":{"title":"Wellness | Praxis Nicola Thei\u00df - Physiotherapie, Kurse, Wellness","description":"Wellness, Massagen, Entspannungsmassagen, Aroma\u00f6lmassage in der Physiotherapiepraxis Nicola Theis in Meerbeck, Stadthagen","robots":{"index":"index","follow":"follow","max-snippet":"max-snippet:-1","max-image-preview":"max-image-preview:large","max-video-preview":"max-video-preview:-1"},"canonical":"https:\/\/www.praxis-nicola-theiss.de\/meerbeck\/wellness\/","og_locale":"de_DE","og_type":"article","og_title":"Wellness | Praxis Nicola Thei\u00df - Physiotherapie, Kurse, Wellness","og_description":"Wellness, Massagen, Entspannungsmassagen, Aroma\u00f6lmassage in der Physiotherapiepraxis Nicola Theis in Meerbeck, Stadthagen","og_url":"https:\/\/www.praxis-nicola-theiss.de\/meerbeck\/wellness\/","og_site_name":"Praxis Nicola Thei\u00df - Physiotherapie, Kurse, Wellness","article_modified_time":"2023-02-14T08:34:31+00:00","og_image":[{"width":400,"height":300,"url":"https:\/\/www.praxis-nicola-theiss.de\/meerbeck\/wp-content\/uploads\/2012\/06\/kokoso\u0308l.jpg","type":"image\/jpeg"}],"twitter_card":"summary_large_image","twitter_misc":{"Gesch\u00e4tzte Lesezeit":"1\u00a0Minute"},"schema":{"@context":"https:\/\/schema.org","@graph":[{"@type":"WebPage","@id":"https:\/\/www.praxis-nicola-theiss.de\/meerbeck\/wellness\/","url":"https:\/\/www.praxis-nicola-theiss.de\/meerbeck\/wellness\/","name":"Wellness | Praxis Nicola Thei\u00df - Physiotherapie, Kurse, Wellness","isPartOf":{"@id":"https:\/\/www.praxis-nicola-theiss.de\/meerbeck\/#website"},"primaryImageOfPage":{"@id":"https:\/\/www.praxis-nicola-theiss.de\/meerbeck\/wellness\/#primaryimage"},"image":{"@id":"https:\/\/www.praxis-nicola-theiss.de\/meerbeck\/wellness\/#primaryimage"},"thumbnailUrl":"https:\/\/www.praxis-nicola-theiss.de\/meerbeck\/wp-content\/uploads\/2012\/06\/kokoso\u0308l.jpg","datePublished":"2012-06-01T10:47:26+00:00","dateModified":"2023-02-14T08:34:31+00:00","description":"Wellness, Massagen, Entspannungsmassagen, Aroma\u00f6lmassage in der Physiotherapiepraxis Nicola Theis in Meerbeck, Stadthagen","breadcrumb":{"@id":"https:\/\/www.praxis-nicola-theiss.de\/meerbeck\/wellness\/#breadcrumb"},"inLanguage":"de","potentialAction":[{"@type":"ReadAction","target":["https:\/\/www.praxis-nicola-theiss.de\/meerbeck\/wellness\/"]}]},{"@type":"ImageObject","inLanguage":"de","@id":"https:\/\/www.praxis-nicola-theiss.de\/meerbeck\/wellness\/#primaryimage","url":"https:\/\/www.praxis-nicola-theiss.de\/meerbeck\/wp-content\/uploads\/2012\/06\/kokoso\u0308l.jpg","contentUrl":"https:\/\/www.praxis-nicola-theiss.de\/meerbeck\/wp-content\/uploads\/2012\/06\/kokoso\u0308l.jpg","width":400,"height":300,"caption":"natural coconut walnut oil"},{"@type":"BreadcrumbList","@id":"https:\/\/www.praxis-nicola-theiss.de\/meerbeck\/wellness\/#breadcrumb","itemListElement":[{"@type":"ListItem","position":1,"name":"Startseite","item":"https:\/\/www.praxis-nicola-theiss.de\/meerbeck\/"},{"@type":"ListItem","position":2,"name":"Wellness"}]},{"@type":"WebSite","@id":"https:\/\/www.praxis-nicola-theiss.de\/meerbeck\/#website","url":"https:\/\/www.praxis-nicola-theiss.de\/meerbeck\/","name":"Praxis Nicola Thei\u00df - Physiotherapie, Kurse, Wellness","description":"Physiotherapie in Meerbeck, Stadthagen","publisher":{"@id":"https:\/\/www.praxis-nicola-theiss.de\/meerbeck\/#organization"},"potentialAction":[{"@type":"SearchAction","target":{"@type":"EntryPoint","urlTemplate":"https:\/\/www.praxis-nicola-theiss.de\/meerbeck\/?s={search_term_string}"},"query-input":{"@type":"PropertyValueSpecification","valueRequired":true,"valueName":"search_term_string"}}],"inLanguage":"de"},{"@type":"Organization","@id":"https:\/\/www.praxis-nicola-theiss.de\/meerbeck\/#organization","name":"Praxis Nicola Thei\u00df","url":"https:\/\/www.praxis-nicola-theiss.de\/meerbeck\/","logo":{"@type":"ImageObject","inLanguage":"de","@id":"https:\/\/www.praxis-nicola-theiss.de\/meerbeck\/#\/schema\/logo\/image\/","url":"https:\/\/www.praxis-nicola-theiss.de\/meerbeck\/wp-content\/uploads\/2015\/03\/logo21.png","contentUrl":"https:\/\/www.praxis-nicola-theiss.de\/meerbeck\/wp-content\/uploads\/2015\/03\/logo21.png","width":324,"height":206,"caption":"Praxis Nicola Thei\u00df"},"image":{"@id":"https:\/\/www.praxis-nicola-theiss.de\/meerbeck\/#\/schema\/logo\/image\/"}}]}},"_links":{"self":[{"href":"https:\/\/www.praxis-nicola-theiss.de\/meerbeck\/wp-json\/wp\/v2\/pages\/28","targetHints":{"allow":["GET"]}}],"collection":[{"href":"https:\/\/www.praxis-nicola-theiss.de\/meerbeck\/wp-json\/wp\/v2\/pages"}],"about":[{"href":"https:\/\/www.praxis-nicola-theiss.de\/meerbeck\/wp-json\/wp\/v2\/types\/page"}],"author":[{"embeddable":true,"href":"https:\/\/www.praxis-nicola-theiss.de\/meerbeck\/wp-json\/wp\/v2\/users\/3"}],"replies":[{"embeddable":true,"href":"https:\/\/www.praxis-nicola-theiss.de\/meerbeck\/wp-json\/wp\/v2\/comments?post=28"}],"version-history":[{"count":2,"href":"https:\/\/www.praxis-nicola-theiss.de\/meerbeck\/wp-json\/wp\/v2\/pages\/28\/revisions"}],"predecessor-version":[{"id":2227,"href":"https:\/\/www.praxis-nicola-theiss.de\/meerbeck\/wp-json\/wp\/v2\/pages\/28\/revisions\/2227"}],"wp:featuredmedia":[{"embeddable":true,"href":"https:\/\/www.praxis-nicola-theiss.de\/meerbeck\/wp-json\/wp\/v2\/media\/1319"}],"wp:attachment":[{"href":"https:\/\/www.praxis-nicola-theiss.de\/meerbeck\/wp-json\/wp\/v2\/media?parent=28"}],"curies":[{"name":"wp","href":"https:\/\/api.w.org\/{rel}","templated":true}]}}