{"id":795,"date":"2014-10-24T06:30:57","date_gmt":"2014-10-24T06:30:57","guid":{"rendered":"http:\/\/www.praxis-nicola-theiss.de\/meerbeck\/?page_id=795"},"modified":"2014-10-24T09:17:02","modified_gmt":"2014-10-24T09:17:02","slug":"yoga","status":"publish","type":"page","link":"https:\/\/www.praxis-nicola-theiss.de\/meerbeck\/yoga\/","title":{"rendered":"Yoga"},"content":{"rendered":"<p><a href=\"http:\/\/www.praxis-nicola-theiss.de\/meerbeck\/wp-content\/uploads\/2013\/10\/Bildschirmfoto-2013-10-15-um-10.37.46.png\"><img loading=\"lazy\" decoding=\"async\" class=\"alignnone size-full wp-image-630\" src=\"http:\/\/www.praxis-nicola-theiss.de\/meerbeck\/wp-content\/uploads\/2013\/10\/Bildschirmfoto-2013-10-15-um-10.37.46.png\" alt=\"yoga\" width=\"408\" height=\"267\" srcset=\"https:\/\/www.praxis-nicola-theiss.de\/meerbeck\/wp-content\/uploads\/2013\/10\/Bildschirmfoto-2013-10-15-um-10.37.46.png 408w, https:\/\/www.praxis-nicola-theiss.de\/meerbeck\/wp-content\/uploads\/2013\/10\/Bildschirmfoto-2013-10-15-um-10.37.46-300x196.png 300w\" sizes=\"auto, (max-width: 408px) 100vw, 408px\" \/><\/a><\/p>\n<p><strong>Yoga f\u00fcr den R\u00fccken, die Schultern und den Nacken<\/strong><br \/>\nIn der heutigen Zeit sind uns allen Verspannungen im Bereich der Schulter und des Nackens nicht unbekannt. Auch der R\u00fccken mit seinen vielen Muskeln, Wirbelk\u00f6rpern und Bandscheiben ist in unserem heutigen Leben viel gefordert. Dieses Programm beinhaltet Dehnungs- und Kr\u00e4ftigungs\u00fcbungen speziell auf die Schultern, den R\u00fccken und die Muskultur des Nackens und Halses ausgerichtet, sowie entsprechende Entspannungs\u00fcbungen.<\/p>\n<p><strong>Dynamic Yoga<\/strong><br \/>\nDie \u00dcbungsabfolgen dieser Yogarichtung werden dynamisch ge\u00fcbt und erzielen dadurch eine Kr\u00e4ftigung der Muskulatur und trainieren das Herz-Kreislauf-System. Durch das Verweilen in den jeweiligen Haltungen wird zus\u00e4tzlich eine angenehme Dehnung herbeigef\u00fchrt. Die Stunde endet yogatypisch mit einer Entspannung.<\/p>\n<div class=\"shariff shariff-align-flex-start shariff-widget-align-flex-start\"><ul class=\"shariff-buttons theme-round orientation-horizontal buttonsize-medium\"><li class=\"shariff-button facebook shariff-nocustomcolor\" style=\"background-color:#4273c8\"><a href=\"https:\/\/www.facebook.com\/sharer\/sharer.php?u=https%3A%2F%2Fwww.praxis-nicola-theiss.de%2Fmeerbeck%2Fyoga%2F\" title=\"Bei Facebook teilen\" aria-label=\"Bei Facebook teilen\" role=\"button\" rel=\"nofollow\" class=\"shariff-link\" style=\"; background-color:#3b5998; color:#fff\" target=\"_blank\"><span class=\"shariff-icon\" style=\"\"><svg width=\"32px\" height=\"20px\" xmlns=\"http:\/\/www.w3.org\/2000\/svg\" viewBox=\"0 0 18 32\"><path fill=\"#3b5998\" d=\"M17.1 0.2v4.7h-2.8q-1.5 0-2.1 0.6t-0.5 1.9v3.4h5.2l-0.7 5.3h-4.5v13.6h-5.5v-13.6h-4.5v-5.3h4.5v-3.9q0-3.3 1.9-5.2t5-1.8q2.6 0 4.1 0.2z\"\/><\/svg><\/span><\/a><\/li><li class=\"shariff-button whatsapp shariff-nocustomcolor\" style=\"background-color:#5cbe4a\"><a href=\"https:\/\/api.whatsapp.com\/send?text=https%3A%2F%2Fwww.praxis-nicola-theiss.de%2Fmeerbeck%2Fyoga%2F%20Yoga\" title=\"Bei Whatsapp teilen\" aria-label=\"Bei Whatsapp teilen\" role=\"button\" rel=\"noopener nofollow\" class=\"shariff-link\" style=\"; background-color:#34af23; color:#fff\" target=\"_blank\"><span class=\"shariff-icon\" style=\"\"><svg width=\"32px\" height=\"20px\" xmlns=\"http:\/\/www.w3.org\/2000\/svg\" viewBox=\"0 0 32 32\"><path fill=\"#34af23\" d=\"M17.6 17.4q0.2 0 1.7 0.8t1.6 0.9q0 0.1 0 0.3 0 0.6-0.3 1.4-0.3 0.7-1.3 1.2t-1.8 0.5q-1 0-3.4-1.1-1.7-0.8-3-2.1t-2.6-3.3q-1.3-1.9-1.3-3.5v-0.1q0.1-1.6 1.3-2.8 0.4-0.4 0.9-0.4 0.1 0 0.3 0t0.3 0q0.3 0 0.5 0.1t0.3 0.5q0.1 0.4 0.6 1.6t0.4 1.3q0 0.4-0.6 1t-0.6 0.8q0 0.1 0.1 0.3 0.6 1.3 1.8 2.4 1 0.9 2.7 1.8 0.2 0.1 0.4 0.1 0.3 0 1-0.9t0.9-0.9zM14 26.9q2.3 0 4.3-0.9t3.6-2.4 2.4-3.6 0.9-4.3-0.9-4.3-2.4-3.6-3.6-2.4-4.3-0.9-4.3 0.9-3.6 2.4-2.4 3.6-0.9 4.3q0 3.6 2.1 6.6l-1.4 4.2 4.3-1.4q2.8 1.9 6.2 1.9zM14 2.2q2.7 0 5.2 1.1t4.3 2.9 2.9 4.3 1.1 5.2-1.1 5.2-2.9 4.3-4.3 2.9-5.2 1.1q-3.5 0-6.5-1.7l-7.4 2.4 2.4-7.2q-1.9-3.2-1.9-6.9 0-2.7 1.1-5.2t2.9-4.3 4.3-2.9 5.2-1.1z\"\/><\/svg><\/span><\/a><\/li><li class=\"shariff-button mailto shariff-nocustomcolor\" style=\"background-color:#a8a8a8\"><a href=\"mailto:?body=https%3A%2F%2Fwww.praxis-nicola-theiss.de%2Fmeerbeck%2Fyoga%2F&subject=Yoga\" title=\"Per E-Mail versenden\" aria-label=\"Per E-Mail versenden\" role=\"button\" rel=\"noopener nofollow\" class=\"shariff-link\" style=\"; background-color:#999; color:#fff\"><span class=\"shariff-icon\" style=\"\"><svg width=\"32px\" height=\"20px\" xmlns=\"http:\/\/www.w3.org\/2000\/svg\" viewBox=\"0 0 32 32\"><path fill=\"#999\" d=\"M32 12.7v14.2q0 1.2-0.8 2t-2 0.9h-26.3q-1.2 0-2-0.9t-0.8-2v-14.2q0.8 0.9 1.8 1.6 6.5 4.4 8.9 6.1 1 0.8 1.6 1.2t1.7 0.9 2 0.4h0.1q0.9 0 2-0.4t1.7-0.9 1.6-1.2q3-2.2 8.9-6.1 1-0.7 1.8-1.6zM32 7.4q0 1.4-0.9 2.7t-2.2 2.2q-6.7 4.7-8.4 5.8-0.2 0.1-0.7 0.5t-1 0.7-0.9 0.6-1.1 0.5-0.9 0.2h-0.1q-0.4 0-0.9-0.2t-1.1-0.5-0.9-0.6-1-0.7-0.7-0.5q-1.6-1.1-4.7-3.2t-3.6-2.6q-1.1-0.7-2.1-2t-1-2.5q0-1.4 0.7-2.3t2.1-0.9h26.3q1.2 0 2 0.8t0.9 2z\"\/><\/svg><\/span><\/a><\/li><\/ul><\/div>","protected":false},"excerpt":{"rendered":"<p>Yoga f\u00fcr den R\u00fccken, die Schultern und den Nacken In der heutigen Zeit sind uns allen Verspannungen im Bereich der Schulter und des Nackens nicht unbekannt. Auch der R\u00fccken mit seinen vielen Muskeln, Wirbelk\u00f6rpern und Bandscheiben ist in unserem heutigen Leben viel gefordert. Dieses Programm beinhaltet Dehnungs- und Kr\u00e4ftigungs\u00fcbungen speziell auf die Schultern, den R\u00fccken [&hellip;]<\/p>\n<div class=\"shariff shariff-align-flex-start shariff-widget-align-flex-start\"><ul class=\"shariff-buttons theme-round orientation-horizontal buttonsize-medium\"><li class=\"shariff-button facebook shariff-nocustomcolor\" style=\"background-color:#4273c8\"><a href=\"https:\/\/www.facebook.com\/sharer\/sharer.php?u=https%3A%2F%2Fwww.praxis-nicola-theiss.de%2Fmeerbeck%2Fyoga%2F\" title=\"Bei Facebook teilen\" aria-label=\"Bei Facebook teilen\" role=\"button\" rel=\"nofollow\" class=\"shariff-link\" style=\"; background-color:#3b5998; color:#fff\" target=\"_blank\"><span class=\"shariff-icon\" style=\"\"><svg width=\"32px\" height=\"20px\" xmlns=\"http:\/\/www.w3.org\/2000\/svg\" viewBox=\"0 0 18 32\"><path fill=\"#3b5998\" d=\"M17.1 0.2v4.7h-2.8q-1.5 0-2.1 0.6t-0.5 1.9v3.4h5.2l-0.7 5.3h-4.5v13.6h-5.5v-13.6h-4.5v-5.3h4.5v-3.9q0-3.3 1.9-5.2t5-1.8q2.6 0 4.1 0.2z\"\/><\/svg><\/span><\/a><\/li><li class=\"shariff-button whatsapp shariff-nocustomcolor\" style=\"background-color:#5cbe4a\"><a href=\"https:\/\/api.whatsapp.com\/send?text=https%3A%2F%2Fwww.praxis-nicola-theiss.de%2Fmeerbeck%2Fyoga%2F%20Yoga\" title=\"Bei Whatsapp teilen\" aria-label=\"Bei Whatsapp teilen\" role=\"button\" rel=\"noopener nofollow\" class=\"shariff-link\" style=\"; background-color:#34af23; color:#fff\" target=\"_blank\"><span class=\"shariff-icon\" style=\"\"><svg width=\"32px\" height=\"20px\" xmlns=\"http:\/\/www.w3.org\/2000\/svg\" viewBox=\"0 0 32 32\"><path fill=\"#34af23\" d=\"M17.6 17.4q0.2 0 1.7 0.8t1.6 0.9q0 0.1 0 0.3 0 0.6-0.3 1.4-0.3 0.7-1.3 1.2t-1.8 0.5q-1 0-3.4-1.1-1.7-0.8-3-2.1t-2.6-3.3q-1.3-1.9-1.3-3.5v-0.1q0.1-1.6 1.3-2.8 0.4-0.4 0.9-0.4 0.1 0 0.3 0t0.3 0q0.3 0 0.5 0.1t0.3 0.5q0.1 0.4 0.6 1.6t0.4 1.3q0 0.4-0.6 1t-0.6 0.8q0 0.1 0.1 0.3 0.6 1.3 1.8 2.4 1 0.9 2.7 1.8 0.2 0.1 0.4 0.1 0.3 0 1-0.9t0.9-0.9zM14 26.9q2.3 0 4.3-0.9t3.6-2.4 2.4-3.6 0.9-4.3-0.9-4.3-2.4-3.6-3.6-2.4-4.3-0.9-4.3 0.9-3.6 2.4-2.4 3.6-0.9 4.3q0 3.6 2.1 6.6l-1.4 4.2 4.3-1.4q2.8 1.9 6.2 1.9zM14 2.2q2.7 0 5.2 1.1t4.3 2.9 2.9 4.3 1.1 5.2-1.1 5.2-2.9 4.3-4.3 2.9-5.2 1.1q-3.5 0-6.5-1.7l-7.4 2.4 2.4-7.2q-1.9-3.2-1.9-6.9 0-2.7 1.1-5.2t2.9-4.3 4.3-2.9 5.2-1.1z\"\/><\/svg><\/span><\/a><\/li><li class=\"shariff-button mailto shariff-nocustomcolor\" style=\"background-color:#a8a8a8\"><a href=\"mailto:?body=https%3A%2F%2Fwww.praxis-nicola-theiss.de%2Fmeerbeck%2Fyoga%2F&subject=Yoga\" title=\"Per E-Mail versenden\" aria-label=\"Per E-Mail versenden\" role=\"button\" rel=\"noopener nofollow\" class=\"shariff-link\" style=\"; background-color:#999; color:#fff\"><span class=\"shariff-icon\" style=\"\"><svg width=\"32px\" height=\"20px\" xmlns=\"http:\/\/www.w3.org\/2000\/svg\" viewBox=\"0 0 32 32\"><path fill=\"#999\" d=\"M32 12.7v14.2q0 1.2-0.8 2t-2 0.9h-26.3q-1.2 0-2-0.9t-0.8-2v-14.2q0.8 0.9 1.8 1.6 6.5 4.4 8.9 6.1 1 0.8 1.6 1.2t1.7 0.9 2 0.4h0.1q0.9 0 2-0.4t1.7-0.9 1.6-1.2q3-2.2 8.9-6.1 1-0.7 1.8-1.6zM32 7.4q0 1.4-0.9 2.7t-2.2 2.2q-6.7 4.7-8.4 5.8-0.2 0.1-0.7 0.5t-1 0.7-0.9 0.6-1.1 0.5-0.9 0.2h-0.1q-0.4 0-0.9-0.2t-1.1-0.5-0.9-0.6-1-0.7-0.7-0.5q-1.6-1.1-4.7-3.2t-3.6-2.6q-1.1-0.7-2.1-2t-1-2.5q0-1.4 0.7-2.3t2.1-0.9h26.3q1.2 0 2 0.8t0.9 2z\"\/><\/svg><\/span><\/a><\/li><\/ul><\/div>","protected":false},"author":3,"featured_media":0,"parent":0,"menu_order":0,"comment_status":"open","ping_status":"open","template":"","meta":{"footnotes":""},"class_list":["post-795","page","type-page","status-publish","czr-hentry"],"yoast_head":"<!-- This site is optimized with the Yoast SEO plugin v26.6 - https:\/\/yoast.com\/wordpress\/plugins\/seo\/ -->\n<title>Yoga | Praxis Nicola Thei\u00df - Physiotherapie, Kurse, Wellness<\/title>\n<meta name=\"robots\" content=\"index, follow, max-snippet:-1, max-image-preview:large, max-video-preview:-1\" \/>\n<link rel=\"canonical\" href=\"https:\/\/www.praxis-nicola-theiss.de\/meerbeck\/yoga\/\" \/>\n<meta property=\"og:locale\" content=\"de_DE\" \/>\n<meta property=\"og:type\" content=\"article\" \/>\n<meta property=\"og:title\" content=\"Yoga | Praxis Nicola Thei\u00df - Physiotherapie, Kurse, Wellness\" \/>\n<meta property=\"og:description\" content=\"Yoga f\u00fcr den R\u00fccken, die Schultern und den Nacken In der heutigen Zeit sind uns allen Verspannungen im Bereich der Schulter und des Nackens nicht unbekannt. Auch der R\u00fccken mit seinen vielen Muskeln, Wirbelk\u00f6rpern und Bandscheiben ist in unserem heutigen Leben viel gefordert. Dieses Programm beinhaltet Dehnungs- und Kr\u00e4ftigungs\u00fcbungen speziell auf die Schultern, den R\u00fccken [&hellip;]\" \/>\n<meta property=\"og:url\" content=\"https:\/\/www.praxis-nicola-theiss.de\/meerbeck\/yoga\/\" \/>\n<meta property=\"og:site_name\" content=\"Praxis Nicola Thei\u00df - Physiotherapie, Kurse, Wellness\" \/>\n<meta property=\"article:modified_time\" content=\"2014-10-24T09:17:02+00:00\" \/>\n<meta property=\"og:image\" content=\"http:\/\/www.praxis-nicola-theiss.de\/meerbeck\/wp-content\/uploads\/2013\/10\/Bildschirmfoto-2013-10-15-um-10.37.46.png\" \/>\n<meta name=\"twitter:card\" content=\"summary_large_image\" \/>\n<meta name=\"twitter:label1\" content=\"Gesch\u00e4tzte Lesezeit\" \/>\n\t<meta name=\"twitter:data1\" content=\"1\u00a0Minute\" \/>\n<script type=\"application\/ld+json\" class=\"yoast-schema-graph\">{\"@context\":\"https:\/\/schema.org\",\"@graph\":[{\"@type\":\"WebPage\",\"@id\":\"https:\/\/www.praxis-nicola-theiss.de\/meerbeck\/yoga\/\",\"url\":\"https:\/\/www.praxis-nicola-theiss.de\/meerbeck\/yoga\/\",\"name\":\"Yoga | Praxis Nicola Thei\u00df - Physiotherapie, Kurse, Wellness\",\"isPartOf\":{\"@id\":\"https:\/\/www.praxis-nicola-theiss.de\/meerbeck\/#website\"},\"primaryImageOfPage\":{\"@id\":\"https:\/\/www.praxis-nicola-theiss.de\/meerbeck\/yoga\/#primaryimage\"},\"image\":{\"@id\":\"https:\/\/www.praxis-nicola-theiss.de\/meerbeck\/yoga\/#primaryimage\"},\"thumbnailUrl\":\"http:\/\/www.praxis-nicola-theiss.de\/meerbeck\/wp-content\/uploads\/2013\/10\/Bildschirmfoto-2013-10-15-um-10.37.46.png\",\"datePublished\":\"2014-10-24T06:30:57+00:00\",\"dateModified\":\"2014-10-24T09:17:02+00:00\",\"breadcrumb\":{\"@id\":\"https:\/\/www.praxis-nicola-theiss.de\/meerbeck\/yoga\/#breadcrumb\"},\"inLanguage\":\"de\",\"potentialAction\":[{\"@type\":\"ReadAction\",\"target\":[\"https:\/\/www.praxis-nicola-theiss.de\/meerbeck\/yoga\/\"]}]},{\"@type\":\"ImageObject\",\"inLanguage\":\"de\",\"@id\":\"https:\/\/www.praxis-nicola-theiss.de\/meerbeck\/yoga\/#primaryimage\",\"url\":\"https:\/\/www.praxis-nicola-theiss.de\/meerbeck\/wp-content\/uploads\/2013\/10\/Bildschirmfoto-2013-10-15-um-10.37.46.png\",\"contentUrl\":\"https:\/\/www.praxis-nicola-theiss.de\/meerbeck\/wp-content\/uploads\/2013\/10\/Bildschirmfoto-2013-10-15-um-10.37.46.png\",\"width\":408,\"height\":267},{\"@type\":\"BreadcrumbList\",\"@id\":\"https:\/\/www.praxis-nicola-theiss.de\/meerbeck\/yoga\/#breadcrumb\",\"itemListElement\":[{\"@type\":\"ListItem\",\"position\":1,\"name\":\"Startseite\",\"item\":\"https:\/\/www.praxis-nicola-theiss.de\/meerbeck\/\"},{\"@type\":\"ListItem\",\"position\":2,\"name\":\"Yoga\"}]},{\"@type\":\"WebSite\",\"@id\":\"https:\/\/www.praxis-nicola-theiss.de\/meerbeck\/#website\",\"url\":\"https:\/\/www.praxis-nicola-theiss.de\/meerbeck\/\",\"name\":\"Praxis Nicola Thei\u00df - Physiotherapie, Kurse, Wellness\",\"description\":\"Physiotherapie in Meerbeck, Stadthagen\",\"publisher\":{\"@id\":\"https:\/\/www.praxis-nicola-theiss.de\/meerbeck\/#organization\"},\"potentialAction\":[{\"@type\":\"SearchAction\",\"target\":{\"@type\":\"EntryPoint\",\"urlTemplate\":\"https:\/\/www.praxis-nicola-theiss.de\/meerbeck\/?s={search_term_string}\"},\"query-input\":{\"@type\":\"PropertyValueSpecification\",\"valueRequired\":true,\"valueName\":\"search_term_string\"}}],\"inLanguage\":\"de\"},{\"@type\":\"Organization\",\"@id\":\"https:\/\/www.praxis-nicola-theiss.de\/meerbeck\/#organization\",\"name\":\"Praxis Nicola Thei\u00df\",\"url\":\"https:\/\/www.praxis-nicola-theiss.de\/meerbeck\/\",\"logo\":{\"@type\":\"ImageObject\",\"inLanguage\":\"de\",\"@id\":\"https:\/\/www.praxis-nicola-theiss.de\/meerbeck\/#\/schema\/logo\/image\/\",\"url\":\"https:\/\/www.praxis-nicola-theiss.de\/meerbeck\/wp-content\/uploads\/2015\/03\/logo21.png\",\"contentUrl\":\"https:\/\/www.praxis-nicola-theiss.de\/meerbeck\/wp-content\/uploads\/2015\/03\/logo21.png\",\"width\":324,\"height\":206,\"caption\":\"Praxis Nicola Thei\u00df\"},\"image\":{\"@id\":\"https:\/\/www.praxis-nicola-theiss.de\/meerbeck\/#\/schema\/logo\/image\/\"}}]}<\/script>\n<!-- \/ Yoast SEO plugin. -->","yoast_head_json":{"title":"Yoga | Praxis Nicola Thei\u00df - Physiotherapie, Kurse, Wellness","robots":{"index":"index","follow":"follow","max-snippet":"max-snippet:-1","max-image-preview":"max-image-preview:large","max-video-preview":"max-video-preview:-1"},"canonical":"https:\/\/www.praxis-nicola-theiss.de\/meerbeck\/yoga\/","og_locale":"de_DE","og_type":"article","og_title":"Yoga | Praxis Nicola Thei\u00df - Physiotherapie, Kurse, Wellness","og_description":"Yoga f\u00fcr den R\u00fccken, die Schultern und den Nacken In der heutigen Zeit sind uns allen Verspannungen im Bereich der Schulter und des Nackens nicht unbekannt. Auch der R\u00fccken mit seinen vielen Muskeln, Wirbelk\u00f6rpern und Bandscheiben ist in unserem heutigen Leben viel gefordert. Dieses Programm beinhaltet Dehnungs- und Kr\u00e4ftigungs\u00fcbungen speziell auf die Schultern, den R\u00fccken [&hellip;]","og_url":"https:\/\/www.praxis-nicola-theiss.de\/meerbeck\/yoga\/","og_site_name":"Praxis Nicola Thei\u00df - Physiotherapie, Kurse, Wellness","article_modified_time":"2014-10-24T09:17:02+00:00","og_image":[{"url":"http:\/\/www.praxis-nicola-theiss.de\/meerbeck\/wp-content\/uploads\/2013\/10\/Bildschirmfoto-2013-10-15-um-10.37.46.png","type":"","width":"","height":""}],"twitter_card":"summary_large_image","twitter_misc":{"Gesch\u00e4tzte Lesezeit":"1\u00a0Minute"},"schema":{"@context":"https:\/\/schema.org","@graph":[{"@type":"WebPage","@id":"https:\/\/www.praxis-nicola-theiss.de\/meerbeck\/yoga\/","url":"https:\/\/www.praxis-nicola-theiss.de\/meerbeck\/yoga\/","name":"Yoga | Praxis Nicola Thei\u00df - Physiotherapie, Kurse, Wellness","isPartOf":{"@id":"https:\/\/www.praxis-nicola-theiss.de\/meerbeck\/#website"},"primaryImageOfPage":{"@id":"https:\/\/www.praxis-nicola-theiss.de\/meerbeck\/yoga\/#primaryimage"},"image":{"@id":"https:\/\/www.praxis-nicola-theiss.de\/meerbeck\/yoga\/#primaryimage"},"thumbnailUrl":"http:\/\/www.praxis-nicola-theiss.de\/meerbeck\/wp-content\/uploads\/2013\/10\/Bildschirmfoto-2013-10-15-um-10.37.46.png","datePublished":"2014-10-24T06:30:57+00:00","dateModified":"2014-10-24T09:17:02+00:00","breadcrumb":{"@id":"https:\/\/www.praxis-nicola-theiss.de\/meerbeck\/yoga\/#breadcrumb"},"inLanguage":"de","potentialAction":[{"@type":"ReadAction","target":["https:\/\/www.praxis-nicola-theiss.de\/meerbeck\/yoga\/"]}]},{"@type":"ImageObject","inLanguage":"de","@id":"https:\/\/www.praxis-nicola-theiss.de\/meerbeck\/yoga\/#primaryimage","url":"https:\/\/www.praxis-nicola-theiss.de\/meerbeck\/wp-content\/uploads\/2013\/10\/Bildschirmfoto-2013-10-15-um-10.37.46.png","contentUrl":"https:\/\/www.praxis-nicola-theiss.de\/meerbeck\/wp-content\/uploads\/2013\/10\/Bildschirmfoto-2013-10-15-um-10.37.46.png","width":408,"height":267},{"@type":"BreadcrumbList","@id":"https:\/\/www.praxis-nicola-theiss.de\/meerbeck\/yoga\/#breadcrumb","itemListElement":[{"@type":"ListItem","position":1,"name":"Startseite","item":"https:\/\/www.praxis-nicola-theiss.de\/meerbeck\/"},{"@type":"ListItem","position":2,"name":"Yoga"}]},{"@type":"WebSite","@id":"https:\/\/www.praxis-nicola-theiss.de\/meerbeck\/#website","url":"https:\/\/www.praxis-nicola-theiss.de\/meerbeck\/","name":"Praxis Nicola Thei\u00df - Physiotherapie, Kurse, Wellness","description":"Physiotherapie in Meerbeck, Stadthagen","publisher":{"@id":"https:\/\/www.praxis-nicola-theiss.de\/meerbeck\/#organization"},"potentialAction":[{"@type":"SearchAction","target":{"@type":"EntryPoint","urlTemplate":"https:\/\/www.praxis-nicola-theiss.de\/meerbeck\/?s={search_term_string}"},"query-input":{"@type":"PropertyValueSpecification","valueRequired":true,"valueName":"search_term_string"}}],"inLanguage":"de"},{"@type":"Organization","@id":"https:\/\/www.praxis-nicola-theiss.de\/meerbeck\/#organization","name":"Praxis Nicola Thei\u00df","url":"https:\/\/www.praxis-nicola-theiss.de\/meerbeck\/","logo":{"@type":"ImageObject","inLanguage":"de","@id":"https:\/\/www.praxis-nicola-theiss.de\/meerbeck\/#\/schema\/logo\/image\/","url":"https:\/\/www.praxis-nicola-theiss.de\/meerbeck\/wp-content\/uploads\/2015\/03\/logo21.png","contentUrl":"https:\/\/www.praxis-nicola-theiss.de\/meerbeck\/wp-content\/uploads\/2015\/03\/logo21.png","width":324,"height":206,"caption":"Praxis Nicola Thei\u00df"},"image":{"@id":"https:\/\/www.praxis-nicola-theiss.de\/meerbeck\/#\/schema\/logo\/image\/"}}]}},"_links":{"self":[{"href":"https:\/\/www.praxis-nicola-theiss.de\/meerbeck\/wp-json\/wp\/v2\/pages\/795","targetHints":{"allow":["GET"]}}],"collection":[{"href":"https:\/\/www.praxis-nicola-theiss.de\/meerbeck\/wp-json\/wp\/v2\/pages"}],"about":[{"href":"https:\/\/www.praxis-nicola-theiss.de\/meerbeck\/wp-json\/wp\/v2\/types\/page"}],"author":[{"embeddable":true,"href":"https:\/\/www.praxis-nicola-theiss.de\/meerbeck\/wp-json\/wp\/v2\/users\/3"}],"replies":[{"embeddable":true,"href":"https:\/\/www.praxis-nicola-theiss.de\/meerbeck\/wp-json\/wp\/v2\/comments?post=795"}],"version-history":[{"count":0,"href":"https:\/\/www.praxis-nicola-theiss.de\/meerbeck\/wp-json\/wp\/v2\/pages\/795\/revisions"}],"wp:attachment":[{"href":"https:\/\/www.praxis-nicola-theiss.de\/meerbeck\/wp-json\/wp\/v2\/media?parent=795"}],"curies":[{"name":"wp","href":"https:\/\/api.w.org\/{rel}","templated":true}]}}